{"id":1589,"date":"2024-06-28T13:15:39","date_gmt":"2024-06-28T10:15:39","guid":{"rendered":"https:\/\/salomejahealing.com\/?page_id=1589"},"modified":"2024-10-18T23:22:36","modified_gmt":"2024-10-18T20:22:36","slug":"apie-mane","status":"publish","type":"page","link":"https:\/\/salomejahealing.com\/en\/apie-mane\/","title":{"rendered":"About me"},"content":{"rendered":"<div data-elementor-type=\"wp-page\" data-elementor-id=\"1589\" class=\"elementor elementor-1589\">\n\t\t\t\t<div class=\"elementor-element elementor-element-9fbadf8 e-con-full e-flex e-con e-parent\" data-id=\"9fbadf8\" data-element_type=\"container\" data-settings=\"{&quot;background_background&quot;:&quot;slideshow&quot;,&quot;background_slideshow_gallery&quot;:[{&quot;id&quot;:2560,&quot;url&quot;:&quot;https:\\\/\\\/salomejahealing.com\\\/wp-content\\\/uploads\\\/2024\\\/07\\\/kaboompics_waves-crashing-over-rocks-on-the-beach-18066-scaled.jpg&quot;}],&quot;background_slideshow_loop&quot;:&quot;yes&quot;,&quot;background_slideshow_slide_duration&quot;:5000,&quot;background_slideshow_slide_transition&quot;:&quot;fade&quot;,&quot;background_slideshow_transition_duration&quot;:500}\">\n\t\t\t\t<div class=\"elementor-element elementor-element-a4d3b33 elementor-widget__width-inherit elementor-widget elementor-widget-heading\" data-id=\"a4d3b33\" data-element_type=\"widget\" data-widget_type=\"heading.default\">\n\t\t\t\t<div class=\"elementor-widget-container\">\n\t\t\t\t\t<h2 class=\"elementor-heading-title elementor-size-default\"><br>About me<\/h2>\t\t\t\t<\/div>\n\t\t\t\t<\/div>\n\t\t\t\t<\/div>\n\t\t<div class=\"elementor-element elementor-element-42e7be3 e-transform e-con-full e-flex e-con e-parent\" data-id=\"42e7be3\" data-element_type=\"container\" data-settings=\"{&quot;background_background&quot;:&quot;classic&quot;,&quot;_transform_scale_effect&quot;:{&quot;unit&quot;:&quot;px&quot;,&quot;size&quot;:1,&quot;sizes&quot;:[]},&quot;_transform_scale_effect_tablet&quot;:{&quot;unit&quot;:&quot;px&quot;,&quot;size&quot;:&quot;&quot;,&quot;sizes&quot;:[]},&quot;_transform_scale_effect_mobile&quot;:{&quot;unit&quot;:&quot;px&quot;,&quot;size&quot;:&quot;&quot;,&quot;sizes&quot;:[]}}\">\n\t\t<div class=\"elementor-element elementor-element-ed52f6e e-con-full e-flex e-con e-child\" data-id=\"ed52f6e\" data-element_type=\"container\">\n\t\t\t\t<div class=\"elementor-element elementor-element-6a7283e elementor-widget elementor-widget-text-editor\" data-id=\"6a7283e\" data-element_type=\"widget\" data-widget_type=\"text-editor.default\">\n\t\t\t\t<div class=\"elementor-widget-container\">\n\t\t\t\t\t\t\t\t\t<p><strong>Welcome!<\/strong><\/p><p>I am Salomeja Roa, an intuitive healer and empath. I was trained and certified as Advanced Biofield Tunning practitioner by Eileen Mckusick in Vermont, USA. Also, I am certified practitioner of Qhht, past life regression hypnosis therapy as thought by beloved Dolores Canon.  I am continuous student and lover of astrology and Cosmos. I have bachelors of Art  Degree in Political Science.\u00a0<\/p><p>My journey to spirituality started years ago. Since a very young age I could hear, see and sense things that other people couldn\u2019t. Over the years I had to undergo many initiations and near death experiences. I spend years working with different shamans and healers around the world clearing ancestral lineages and clearing karmic bondages. I also dived deep to understand my starseed lineage.<\/p><p>Hence, the wealth of knowledge and experience prepared me to work and help others. I want to express my gratitude and love to everyone who is reading this today. And as clich\u00e9 as it sounds \u201cif you are here, it is no coincidence \u2013we were meant to make a connection.\u201d<\/p><p>Thus, I am here to help you to make yourself whole again and return to original blueprint. My sessions can be conducted in person, by phone, Skype, What\u2019s app.<\/p>\t\t\t\t\t\t\t\t<\/div>\n\t\t\t\t<\/div>\n\t\t\t\t<\/div>\n\t\t<div class=\"elementor-element elementor-element-e1e92d7 e-con-full e-flex e-con e-child\" data-id=\"e1e92d7\" data-element_type=\"container\">\n\t\t\t\t<div class=\"elementor-element elementor-element-c00cff0 elementor-widget elementor-widget-image\" data-id=\"c00cff0\" data-element_type=\"widget\" data-widget_type=\"image.default\">\n\t\t\t\t<div class=\"elementor-widget-container\">\n\t\t\t\t\t\t\t\t\t\t\t\t\t\t\t<img fetchpriority=\"high\" decoding=\"async\" width=\"1024\" height=\"1024\" src=\"https:\/\/salomejahealing.com\/wp-content\/uploads\/2024\/07\/apie-mane-1024x1024.jpg\" class=\"attachment-large size-large wp-image-2427\" alt=\"\" srcset=\"https:\/\/salomejahealing.com\/wp-content\/uploads\/2024\/07\/apie-mane-1024x1024.jpg 1024w, https:\/\/salomejahealing.com\/wp-content\/uploads\/2024\/07\/apie-mane-300x300.jpg 300w, https:\/\/salomejahealing.com\/wp-content\/uploads\/2024\/07\/apie-mane-150x150.jpg 150w, https:\/\/salomejahealing.com\/wp-content\/uploads\/2024\/07\/apie-mane-768x768.jpg 768w, https:\/\/salomejahealing.com\/wp-content\/uploads\/2024\/07\/apie-mane-1536x1536.jpg 1536w, https:\/\/salomejahealing.com\/wp-content\/uploads\/2024\/07\/apie-mane-2048x2048.jpg 2048w\" sizes=\"(max-width: 1024px) 100vw, 1024px\" \/>\t\t\t\t\t\t\t\t\t\t\t\t\t\t\t<\/div>\n\t\t\t\t<\/div>\n\t\t\t\t<\/div>\n\t\t\t\t<\/div>\n\t\t\t\t<\/div>","protected":false},"excerpt":{"rendered":"<p>Apie mane Sveiki, A\u0161 esu Salom\u0117ja Roa, intuityvi gydytoja ir empat\u0117. Esu apmokyta ir sertifikuota kaip pa\u017eangi bioenergijos derinimo specialist\u0117 Eileen Mckusick mokymuose Vermonte, JAV. Taip pat esu sertifikuota QHHT, praeities gyvenimo regresijos hipnoz\u0117s terapijos specialist\u0117, apmokyta \u017einomiausios regresinink\u0117s Dolores Canon. A\u0161 esu aktyvi astrologijos student\u0117 bei praktikuotoja. \u012egijau politikos moksl\u0173 bakalaur\u0105, kuris labai praver\u010dia&#8230;<\/p>","protected":false},"author":1,"featured_media":0,"parent":0,"menu_order":0,"comment_status":"closed","ping_status":"closed","template":"","meta":{"_uag_custom_page_level_css":"","_monsterinsights_skip_tracking":false,"_monsterinsights_sitenote_active":false,"_monsterinsights_sitenote_note":"","_monsterinsights_sitenote_category":0,"_kad_post_transparent":"","_kad_post_title":"hide","_kad_post_layout":"fullwidth","_kad_post_sidebar_id":"","_kad_post_content_style":"unboxed","_kad_post_vertical_padding":"hide","_kad_post_feature":"hide","_kad_post_feature_position":"","_kad_post_header":false,"_kad_post_footer":false,"footnotes":""},"aioseo_notices":[],"uagb_featured_image_src":{"full":false,"thumbnail":false,"medium":false,"medium_large":false,"large":false,"1536x1536":false,"2048x2048":false,"trp-custom-language-flag":false},"uagb_author_info":{"display_name":"Salom\u0117ja Smilgevi\u010di\u016bt\u0117","author_link":"https:\/\/salomejahealing.com\/en\/author\/smilgeviciuteyahoo-com\/"},"uagb_comment_info":0,"uagb_excerpt":"Apie mane Sveiki, A\u0161 esu Salom\u0117ja Roa, intuityvi gydytoja ir empat\u0117. Esu apmokyta ir sertifikuota kaip pa\u017eangi bioenergijos derinimo specialist\u0117 Eileen Mckusick mokymuose Vermonte, JAV. Taip pat esu sertifikuota QHHT, praeities gyvenimo regresijos hipnoz\u0117s terapijos specialist\u0117, apmokyta \u017einomiausios regresinink\u0117s Dolores Canon. A\u0161 esu aktyvi astrologijos student\u0117 bei praktikuotoja. \u012egijau politikos moksl\u0173 bakalaur\u0105, kuris labai praver\u010dia...","_links":{"self":[{"href":"https:\/\/salomejahealing.com\/en\/wp-json\/wp\/v2\/pages\/1589"}],"collection":[{"href":"https:\/\/salomejahealing.com\/en\/wp-json\/wp\/v2\/pages"}],"about":[{"href":"https:\/\/salomejahealing.com\/en\/wp-json\/wp\/v2\/types\/page"}],"author":[{"embeddable":true,"href":"https:\/\/salomejahealing.com\/en\/wp-json\/wp\/v2\/users\/1"}],"replies":[{"embeddable":true,"href":"https:\/\/salomejahealing.com\/en\/wp-json\/wp\/v2\/comments?post=1589"}],"version-history":[{"count":403,"href":"https:\/\/salomejahealing.com\/en\/wp-json\/wp\/v2\/pages\/1589\/revisions"}],"predecessor-version":[{"id":3604,"href":"https:\/\/salomejahealing.com\/en\/wp-json\/wp\/v2\/pages\/1589\/revisions\/3604"}],"wp:attachment":[{"href":"https:\/\/salomejahealing.com\/en\/wp-json\/wp\/v2\/media?parent=1589"}],"curies":[{"name":"wp","href":"https:\/\/api.w.org\/{rel}","templated":true}]}}