{"id":1590,"date":"2024-06-28T13:15:39","date_gmt":"2024-06-28T10:15:39","guid":{"rendered":"https:\/\/salomejahealing.com\/?page_id=1590"},"modified":"2025-01-12T17:00:08","modified_gmt":"2025-01-12T15:00:08","slug":"atsiliepimai","status":"publish","type":"page","link":"https:\/\/salomejahealing.com\/en\/atsiliepimai\/","title":{"rendered":"Testimonials"},"content":{"rendered":"<div data-elementor-type=\"wp-page\" data-elementor-id=\"1590\" class=\"elementor elementor-1590\">\n\t\t\t\t<div class=\"elementor-element elementor-element-e87d585 e-con-full e-flex e-con e-parent\" data-id=\"e87d585\" data-element_type=\"container\">\n\t\t<div class=\"elementor-element elementor-element-516bd96 e-con-full e-flex e-con e-child\" data-id=\"516bd96\" data-element_type=\"container\">\n\t\t\t\t<div class=\"elementor-element elementor-element-ac8c66e elementor-widget elementor-widget-heading\" data-id=\"ac8c66e\" data-element_type=\"widget\" data-widget_type=\"heading.default\">\n\t\t\t\t<div class=\"elementor-widget-container\">\n\t\t\t\t\t<h2 class=\"elementor-heading-title elementor-size-default\"><br>Testimonials<\/h2>\t\t\t\t<\/div>\n\t\t\t\t<\/div>\n\t\t<div class=\"elementor-element elementor-element-7e0a389 e-con-full e-transform e-flex e-con e-child\" data-id=\"7e0a389\" data-element_type=\"container\" data-settings=\"{&quot;background_background&quot;:&quot;classic&quot;,&quot;_transform_scale_effect&quot;:{&quot;unit&quot;:&quot;px&quot;,&quot;size&quot;:1.1,&quot;sizes&quot;:[]},&quot;_transform_scale_effect_tablet&quot;:{&quot;unit&quot;:&quot;px&quot;,&quot;size&quot;:&quot;&quot;,&quot;sizes&quot;:[]},&quot;_transform_scale_effect_mobile&quot;:{&quot;unit&quot;:&quot;px&quot;,&quot;size&quot;:&quot;&quot;,&quot;sizes&quot;:[]}}\">\n\t\t\t\t<div class=\"elementor-element elementor-element-9ea4b2b bdt-navigation-type-both bdt-item-match-height--yes bdt-carousel-style-carousel elementor-widget elementor-widget-bdt-review-card-carousel\" data-id=\"9ea4b2b\" data-element_type=\"widget\" data-widget_type=\"bdt-review-card-carousel.default\">\n\t\t\t\t<div class=\"elementor-widget-container\">\n\t\t\t\t\t\t\t<div id=\"bdt-review-card-carousel-9ea4b2b\" class=\"bdt-arrows-dots-align-center bdt-review-card-carousel\" data-settings=\"{&quot;autoplay&quot;:{&quot;delay&quot;:5000,&quot;disableOnInteraction&quot;:false},&quot;loop&quot;:true,&quot;speed&quot;:500,&quot;slidesPerView&quot;:1,&quot;slidesPerGroup&quot;:1,&quot;effect&quot;:&quot;carousel&quot;,&quot;breakpoints&quot;:{&quot;767&quot;:{&quot;slidesPerView&quot;:2,&quot;spaceBetween&quot;:0,&quot;slidesPerGroup&quot;:1},&quot;1023&quot;:{&quot;slidesPerView&quot;:3,&quot;spaceBetween&quot;:35,&quot;slidesPerGroup&quot;:1}},&quot;navigation&quot;:{&quot;nextEl&quot;:&quot;#bdt-review-card-carousel-9ea4b2b .bdt-navigation-next&quot;,&quot;prevEl&quot;:&quot;#bdt-review-card-carousel-9ea4b2b .bdt-navigation-prev&quot;},&quot;pagination&quot;:{&quot;el&quot;:&quot;#bdt-review-card-carousel-9ea4b2b .swiper-pagination&quot;,&quot;type&quot;:&quot;bullets&quot;,&quot;clickable&quot;:&quot;true&quot;,&quot;dynamicBullets&quot;:true},&quot;scrollbar&quot;:{&quot;el&quot;:&quot;#bdt-review-card-carousel-9ea4b2b .swiper-scrollbar&quot;,&quot;hide&quot;:&quot;true&quot;},&quot;coverflowEffect&quot;:{&quot;rotate&quot;:50,&quot;stretch&quot;:0,&quot;depth&quot;:100,&quot;modifier&quot;:1,&quot;slideShadows&quot;:true}}\">\n\t\t\t<div class=\"swiper-carousel swiper\" role=\"region\" aria-roledescription=\"carousel\" aria-label=\"Review Card Carousel\" dir=\"ltr\">\n\t\t\t\t<div class=\"swiper-wrapper\">\n\t\t\t\t\t\n\t\t\t\t\t<div class=\"bdt-ep-review-card-carousel-item swiper-slide\">\n\n\t\t\t\t\t\t\t\t\t\t\t\t\t\n\t\t\t\t<div class=\"bdt-ep-review-card-carousel-content\">\n\n\t\t\t\t\t\n\t\t\t\t\t\t\t\t\t\t\t\t\t\t\t\t<h3\t\t\t\tclass=\"bdt-ep-review-card-carousel-name\">\n\t\t\t\tEgl\u0117 V\t\t\t<\/h3>\n\t\t\t\t\t\t\t\t\t\n\t\t\t\t\t\t\t\t\t\t\t\n\n\t\t\t\t\t\t\t\t\t\t<div class=\"bdt-ep-review-card-carousel-text\">\n\t\t\t\t<p>Salom\u0117ja savo darbe derina auk\u0161t\u0105 profesionalum\u0105 ir nuo\u0161ird\u0173 r\u016bpest\u012f. Jos \u012f\u017evalgos labai gilios ir taiklios tiek fizin\u0117s sveikatos, tiek psichologin\u0117s b\u016bsenos, santyki\u0173 ir emocini\u0173 traum\u0173 prasme. Po sesij\u0173 jau\u010diamas gilus poveikis, gr\u012f\u017eimas \u012f save, \u012f balans\u0105. \u012e\u017evalgos puikiai veikia kaip gair\u0117s nuolatinei saviugdai, vidiniam darbui. Labai d\u0117koju u\u017e didel\u012f post\u016bm\u012f ir pagalb\u0105 kuriant sveikesn\u0119 save.<\/p>\t\t\t<\/div>\n\t\t\t\n\t\t\t\t\t\t\t\t\t<\/div>\n\t\t\t<\/div>\n\t\t\t\t\t<div class=\"bdt-ep-review-card-carousel-item swiper-slide\">\n\n\t\t\t\t\t\t\t\t\t\t\t\t\t\n\t\t\t\t<div class=\"bdt-ep-review-card-carousel-content\">\n\n\t\t\t\t\t\n\t\t\t\t\t\t\t\t\t\t\t\t\t\t\t\t<h3\t\t\t\tclass=\"bdt-ep-review-card-carousel-name\">\n\t\t\t\tGiedrius\t\t\t<\/h3>\n\t\t\t\t\t\t\t\t\t\n\t\t\t\t\t\t\t\t\t\t\t\n\n\t\t\t\t\t\t\t\t\t\t<div class=\"bdt-ep-review-card-carousel-text\">\n\t\t\t\t<p>Wow\u2026 I had a new and wonderful experience. before starting hypnosis, I felt tension, fear of how it would all be done and what would happen on that unique journey. But only after starting communication with Salomeja, I became much calmer, I felt great experience and confidentiality. Many thanks to Salomea, I found many answers to the questions that were troubling me.\u00a0<\/p>\t\t\t<\/div>\n\t\t\t\n\t\t\t\t\t\t\t\t\t<\/div>\n\t\t\t<\/div>\n\t\t\t\t\t<div class=\"bdt-ep-review-card-carousel-item swiper-slide\">\n\n\t\t\t\t\t\t\t\t\t\t\t\t\t\n\t\t\t\t<div class=\"bdt-ep-review-card-carousel-content\">\n\n\t\t\t\t\t\n\t\t\t\t\t\t\t\t\t\t\t\t\t\t\t\t<h3\t\t\t\tclass=\"bdt-ep-review-card-carousel-name\">\n\t\t\t\tCharmaigne Grace\t\t\t<\/h3>\n\t\t\t\t\t\t\t\t\t\n\t\t\t\t\t\t\t\t\t\t\t\n\n\t\t\t\t\t\t\t\t\t\t<div class=\"bdt-ep-review-card-carousel-text\">\n\t\t\t\t<p>\"Meja, did a great job with her biofield tuning. I felt lighter after our session. I felt free. I felt so much better and calm. She explained well about what she is doing during and after the sessions. Even my back pains went away. She is amazing! She is very caring and thoughtful. She has passion on what she does which reflects on her work.\" Keep it up Meja! Good luck.<\/p>\t\t\t<\/div>\n\t\t\t\n\t\t\t\t\t\t\t\t\t<\/div>\n\t\t\t<\/div>\n\t\t\t\t\t<div class=\"bdt-ep-review-card-carousel-item swiper-slide\">\n\n\t\t\t\t\t\t\t\t\t\t\t\t\t\n\t\t\t\t<div class=\"bdt-ep-review-card-carousel-content\">\n\n\t\t\t\t\t\n\t\t\t\t\t\t\t\t\t\t\t\t\t\t\t\t<h3\t\t\t\tclass=\"bdt-ep-review-card-carousel-name\">\n\t\t\t\t Chay Carter\t\t\t<\/h3>\n\t\t\t\t\t\t\t\t\t\n\t\t\t\t\t\t\t\t\t\t\t\n\n\t\t\t\t\t\t\t\t\t\t<div class=\"bdt-ep-review-card-carousel-text\">\n\t\t\t\t<p>What an incredible experience. Meja is impressively knowledgeable regarding Biofield tunning. When I first met her, my life was going through a big transition period. She seemed to know immediately that I was needing help, so I agreed to try it out as I had never heard of this type of healing before. Through the session she will ask you questions, and I began to realize she was working through all of my body's past and present traumas. With little to no physical contact it felt like a weight was being lifted.<\/p>\t\t\t<\/div>\n\t\t\t\n\t\t\t\t\t\t\t\t\t<\/div>\n\t\t\t<\/div>\n\t\t\t\t\t<div class=\"bdt-ep-review-card-carousel-item swiper-slide\">\n\n\t\t\t\t\t\t\t\t\t\t\t\t\t\n\t\t\t\t<div class=\"bdt-ep-review-card-carousel-content\">\n\n\t\t\t\t\t\n\t\t\t\t\t\t\t\t\t\t\t\t\t\t\t\t<h3\t\t\t\tclass=\"bdt-ep-review-card-carousel-name\">\n\t\t\t\tLaura Dick\t\t\t<\/h3>\n\t\t\t\t\t\t\t\t\t\n\t\t\t\t\t\t\t\t\t\t\t\n\n\t\t\t\t\t\t\t\t\t\t<div class=\"bdt-ep-review-card-carousel-text\">\n\t\t\t\t<p>I had a bio tuning field session done by Mia. Not only was I deeply relaxed I, I felt my energy shifting around as she dove in to her work. The releases I felt were strong and concentrated. Thave been with my husband for a very long time and we're trying to conceive for years. I truly believe she was the key factor in assisting us with our miracle baby. Shifting ancestral energies allowing for our star seed to find her way to us! Mia gifted me with a powerful crystal after she completed her the session. She had me charge it in salt water under the full moon. All the while making my intentions clear with what I desired for the future.<\/p>\t\t\t<\/div>\n\t\t\t\n\t\t\t\t\t\t\t\t\t<\/div>\n\t\t\t<\/div>\n\t\t\t\t<\/div>\n\t\t\t\t<\/div>\n\n\t\t\t\t\t\t\t<div class=\"bdt-position-z-index bdt-position-center\">\n\t\t\t<div class=\"bdt-arrows-dots-container bdt-slidenav-container\">\n\n\t\t\t\t<div class=\"bdt-flex bdt-flex-middle\">\n\t\t\t\t\t<div class=\"bdt-visible@m\">\n\t\t\t\t\t\t<div class=\"bdt-navigation-prev bdt-slidenav-previous bdt-icon bdt-slidenav\">\n\t\t\t\t\t\t\t<i class=\"ep-icon-arrow-left-2\" aria-hidden=\"true\"><\/i>\n\t\t\t\t\t\t<\/div>\n\t\t\t\t\t<\/div>\n\n\t\t\t\t\t\n\t\t\t\t\t<div class=\"bdt-visible@m\">\n\t\t\t\t\t\t<div class=\"bdt-navigation-next bdt-slidenav-next bdt-icon bdt-slidenav\">\n\t\t\t\t\t\t\t<i class=\"ep-icon-arrow-right-2\" aria-hidden=\"true\"><\/i>\n\t\t\t\t\t\t<\/div>\n\t\t\t\t\t<\/div>\n\n\t\t\t\t<\/div>\n\t\t\t<\/div>\n\t\t<\/div>\n\t\t\t\t\t\t\t\t<div class=\"bdt-position-z-index bdt-position-bottom\">\n\t\t\t\t\t<div class=\"bdt-dots-container\">\n\t\t\t\t\t\t<div class=\"swiper-pagination\"><\/div>\n\t\t\t\t\t<\/div>\n\t\t\t\t<\/div>\n\t\t\t\t\t\n\t\t<\/div>\n\n\t\t\t\t<\/div>\n\t\t\t\t<\/div>\n\t\t\t\t<\/div>\n\t\t\t\t<\/div>\n\t\t\t\t<\/div>\n\t\t<div class=\"elementor-element elementor-element-b21d15d e-con-full e-transform e-flex e-con e-parent\" data-id=\"b21d15d\" data-element_type=\"container\" data-settings=\"{&quot;background_background&quot;:&quot;classic&quot;,&quot;_transform_scale_effect&quot;:{&quot;unit&quot;:&quot;px&quot;,&quot;size&quot;:1,&quot;sizes&quot;:[]},&quot;_transform_scale_effect_tablet&quot;:{&quot;unit&quot;:&quot;px&quot;,&quot;size&quot;:&quot;&quot;,&quot;sizes&quot;:[]},&quot;_transform_scale_effect_mobile&quot;:{&quot;unit&quot;:&quot;px&quot;,&quot;size&quot;:&quot;&quot;,&quot;sizes&quot;:[]}}\">\n\t\t\t\t<div class=\"elementor-element elementor-element-d8f4c61 elementor-widget elementor-widget-heading\" data-id=\"d8f4c61\" data-element_type=\"widget\" data-widget_type=\"heading.default\">\n\t\t\t\t<div class=\"elementor-widget-container\">\n\t\t\t\t\t<h2 class=\"elementor-heading-title elementor-size-default\">Leave a review<\/h2>\t\t\t\t<\/div>\n\t\t\t\t<\/div>\n\t\t\t\t<div class=\"elementor-element elementor-element-b2bbc37 elementor-widget elementor-widget-text-editor\" data-id=\"b2bbc37\" data-element_type=\"widget\" data-widget_type=\"text-editor.default\">\n\t\t\t\t<div class=\"elementor-widget-container\">\n\t\t\t\t\t\t\t\t\t<p>\n<div class=\"wpcf7 no-js\" id=\"wpcf7-f3164-o1\" lang=\"en-US\" dir=\"ltr\">\n<div class=\"screen-reader-response\"><p role=\"status\" aria-live=\"polite\" aria-atomic=\"true\"><\/p> <ul><\/ul><\/div>\n<form action=\"\/en\/wp-json\/wp\/v2\/pages\/1590#wpcf7-f3164-o1\" method=\"post\" class=\"wpcf7-form init\" aria-label=\"Contact form\" novalidate=\"novalidate\" data-status=\"init\" data-trp-original-action=\"\/en\/wp-json\/wp\/v2\/pages\/1590#wpcf7-f3164-o1\">\n<div style=\"display: none;\">\n<input type=\"hidden\" name=\"_wpcf7\" value=\"3164\" \/>\n<input type=\"hidden\" name=\"_wpcf7_version\" value=\"5.9.6\" \/>\n<input type=\"hidden\" name=\"_wpcf7_locale\" value=\"en_US\" \/>\n<input type=\"hidden\" name=\"_wpcf7_unit_tag\" value=\"wpcf7-f3164-o1\" \/>\n<input type=\"hidden\" name=\"_wpcf7_container_post\" value=\"0\" \/>\n<input type=\"hidden\" name=\"_wpcf7_posted_data_hash\" value=\"\" \/>\n<\/div>\n<p><span class=\"wpcf7-form-control-wrap\" data-name=\"FirstName\"><input size=\"40\" maxlength=\"80\" class=\"wpcf7-form-control wpcf7-text wpcf7-validates-as-required\" aria-required=\"true\" aria-invalid=\"false\" placeholder=\"First Name*\" value=\"\" type=\"text\" name=\"FirstName\" \/><\/span><br \/>\n<span class=\"wpcf7-form-control-wrap\" data-name=\"LastName\"><input size=\"40\" maxlength=\"80\" class=\"wpcf7-form-control wpcf7-text wpcf7-validates-as-required\" aria-required=\"true\" aria-invalid=\"false\" placeholder=\"Last Name*\" value=\"\" type=\"text\" name=\"LastName\" \/><\/span><br \/>\n<span class=\"wpcf7-form-control-wrap\" data-name=\"Email\"><input size=\"40\" maxlength=\"80\" class=\"wpcf7-form-control wpcf7-email wpcf7-validates-as-required wpcf7-text wpcf7-validates-as-email\" aria-required=\"true\" aria-invalid=\"false\" placeholder=\"Email*\" value=\"\" type=\"email\" name=\"Email\" \/><\/span><br \/>\n<span class=\"wpcf7-form-control-wrap\" data-name=\"Feedback\"><textarea cols=\"40\" rows=\"10\" maxlength=\"400\" class=\"wpcf7-form-control wpcf7-textarea wpcf7-validates-as-required\" aria-required=\"true\" aria-invalid=\"false\" placeholder=\"Feedback\" name=\"Feedback\"><\/textarea><\/span>\n<\/p>\n<p><input class=\"wpcf7-form-control wpcf7-submit has-spinner\" type=\"submit\" value=\"Submit\" \/>\n<\/p><div class=\"wpcf7-response-output\" aria-hidden=\"true\"><\/div>\n<input type=\"hidden\" name=\"trp-form-language\" value=\"en\"\/><\/form>\n<\/div>\n<\/p>\t\t\t\t\t\t\t\t<\/div>\n\t\t\t\t<\/div>\n\t\t\t\t<\/div>\n\t\t\t\t<\/div>","protected":false},"excerpt":{"rendered":"<p>Klient\u0173 atsiliepimai Egl\u0117 V Salom\u0117ja savo darbe derina auk\u0161t\u0105 profesionalum\u0105 ir nuo\u0161ird\u0173 r\u016bpest\u012f. Jos \u012f\u017evalgos labai gilios ir taiklios tiek fizin\u0117s sveikatos, tiek psichologin\u0117s b\u016bsenos, santyki\u0173 ir emocini\u0173 traum\u0173 prasme. Po sesij\u0173 jau\u010diamas gilus poveikis, gr\u012f\u017eimas \u012f save, \u012f balans\u0105. \u012e\u017evalgos puikiai veikia kaip gair\u0117s nuolatinei saviugdai, vidiniam darbui. Labai d\u0117koju u\u017e didel\u012f post\u016bm\u012f ir&#8230;<\/p>","protected":false},"author":1,"featured_media":0,"parent":0,"menu_order":0,"comment_status":"closed","ping_status":"closed","template":"","meta":{"_uag_custom_page_level_css":"","_monsterinsights_skip_tracking":false,"_monsterinsights_sitenote_active":false,"_monsterinsights_sitenote_note":"","_monsterinsights_sitenote_category":0,"_kad_post_transparent":"","_kad_post_title":"hide","_kad_post_layout":"fullwidth","_kad_post_sidebar_id":"","_kad_post_content_style":"unboxed","_kad_post_vertical_padding":"hide","_kad_post_feature":"hide","_kad_post_feature_position":"","_kad_post_header":false,"_kad_post_footer":false,"footnotes":""},"aioseo_notices":[],"uagb_featured_image_src":{"full":false,"thumbnail":false,"medium":false,"medium_large":false,"large":false,"1536x1536":false,"2048x2048":false,"trp-custom-language-flag":false},"uagb_author_info":{"display_name":"Salom\u0117ja Smilgevi\u010di\u016bt\u0117","author_link":"https:\/\/salomejahealing.com\/en\/author\/smilgeviciuteyahoo-com\/"},"uagb_comment_info":0,"uagb_excerpt":"Klient\u0173 atsiliepimai Egl\u0117 V Salom\u0117ja savo darbe derina auk\u0161t\u0105 profesionalum\u0105 ir nuo\u0161ird\u0173 r\u016bpest\u012f. Jos \u012f\u017evalgos labai gilios ir taiklios tiek fizin\u0117s sveikatos, tiek psichologin\u0117s b\u016bsenos, santyki\u0173 ir emocini\u0173 traum\u0173 prasme. Po sesij\u0173 jau\u010diamas gilus poveikis, gr\u012f\u017eimas \u012f save, \u012f balans\u0105. \u012e\u017evalgos puikiai veikia kaip gair\u0117s nuolatinei saviugdai, vidiniam darbui. Labai d\u0117koju u\u017e didel\u012f post\u016bm\u012f ir...","_links":{"self":[{"href":"https:\/\/salomejahealing.com\/en\/wp-json\/wp\/v2\/pages\/1590"}],"collection":[{"href":"https:\/\/salomejahealing.com\/en\/wp-json\/wp\/v2\/pages"}],"about":[{"href":"https:\/\/salomejahealing.com\/en\/wp-json\/wp\/v2\/types\/page"}],"author":[{"embeddable":true,"href":"https:\/\/salomejahealing.com\/en\/wp-json\/wp\/v2\/users\/1"}],"replies":[{"embeddable":true,"href":"https:\/\/salomejahealing.com\/en\/wp-json\/wp\/v2\/comments?post=1590"}],"version-history":[{"count":526,"href":"https:\/\/salomejahealing.com\/en\/wp-json\/wp\/v2\/pages\/1590\/revisions"}],"predecessor-version":[{"id":3625,"href":"https:\/\/salomejahealing.com\/en\/wp-json\/wp\/v2\/pages\/1590\/revisions\/3625"}],"wp:attachment":[{"href":"https:\/\/salomejahealing.com\/en\/wp-json\/wp\/v2\/media?parent=1590"}],"curies":[{"name":"wp","href":"https:\/\/api.w.org\/{rel}","templated":true}]}}