{"id":1591,"date":"2024-06-28T13:15:39","date_gmt":"2024-06-28T10:15:39","guid":{"rendered":"https:\/\/salomejahealing.com\/?page_id=1591"},"modified":"2024-10-18T23:21:12","modified_gmt":"2024-10-18T20:21:12","slug":"uzmegzkime-rysi","status":"publish","type":"page","link":"https:\/\/salomejahealing.com\/en\/uzmegzkime-rysi\/","title":{"rendered":"Make the connection"},"content":{"rendered":"<div data-elementor-type=\"wp-page\" data-elementor-id=\"1591\" class=\"elementor elementor-1591\">\n\t\t\t\t<div class=\"elementor-element elementor-element-20f00f8 e-con-full e-flex e-con e-parent\" data-id=\"20f00f8\" data-element_type=\"container\">\n\t\t\t\t<div class=\"elementor-element elementor-element-181b943 elementor-widget elementor-widget-heading\" data-id=\"181b943\" data-element_type=\"widget\" data-widget_type=\"heading.default\">\n\t\t\t\t<div class=\"elementor-widget-container\">\n\t\t\t\t\t<h2 class=\"elementor-heading-title elementor-size-default\"><br>Make the connection<\/h2>\t\t\t\t<\/div>\n\t\t\t\t<\/div>\n\t\t\t\t<\/div>\n\t\t<div class=\"elementor-element elementor-element-fd72bea e-grid e-con-full e-con e-parent\" data-id=\"fd72bea\" data-element_type=\"container\" data-settings=\"{&quot;background_background&quot;:&quot;classic&quot;}\">\n\t\t\t\t<div class=\"elementor-element elementor-element-57f0c6c elementor-widget elementor-widget-heading\" data-id=\"57f0c6c\" data-element_type=\"widget\" data-widget_type=\"heading.default\">\n\t\t\t\t<div class=\"elementor-widget-container\">\n\t\t\t\t\t<h2 class=\"elementor-heading-title elementor-size-default\">Contacts<\/h2>\t\t\t\t<\/div>\n\t\t\t\t<\/div>\n\t\t\t\t<div class=\"elementor-element elementor-element-b02ae2d elementor-widget elementor-widget-text-editor\" data-id=\"b02ae2d\" data-element_type=\"widget\" data-widget_type=\"text-editor.default\">\n\t\t\t\t<div class=\"elementor-widget-container\">\n\t\t\t\t\t\t\t\t\t<p>Salom\u0117ja Smilgevi\u010di\u016bt\u0117<\/p><p>Phone +370 647 82308<\/p><p>healingarts777@yahoo.com<\/p>\t\t\t\t\t\t\t\t<\/div>\n\t\t\t\t<\/div>\n\t\t\t\t<div class=\"elementor-element elementor-element-0430bda elementor-widget elementor-widget-heading\" data-id=\"0430bda\" data-element_type=\"widget\" data-widget_type=\"heading.default\">\n\t\t\t\t<div class=\"elementor-widget-container\">\n\t\t\t\t\t<h2 class=\"elementor-heading-title elementor-size-default\">Let's make the connection and achieve more together<\/h2>\t\t\t\t<\/div>\n\t\t\t\t<\/div>\n\t\t\t\t<div class=\"elementor-element elementor-element-4ebf2bd elementor-widget elementor-widget-heading\" data-id=\"4ebf2bd\" data-element_type=\"widget\" data-widget_type=\"heading.default\">\n\t\t\t\t<div class=\"elementor-widget-container\">\n\t\t\t\t\t<h2 class=\"elementor-heading-title elementor-size-default\"><a href=\"https:\/\/salomejahealing.com\/en\/registracija\/\">Click here to register for the meeting<\/a><\/h2>\t\t\t\t<\/div>\n\t\t\t\t<\/div>\n\t\t\t\t<\/div>\n\t\t<div class=\"elementor-element elementor-element-cd8536f e-flex e-con-boxed e-con e-parent\" data-id=\"cd8536f\" data-element_type=\"container\">\n\t\t\t\t\t<div class=\"e-con-inner\">\n\t\t\t\t\t<\/div>\n\t\t\t\t<\/div>\n\t\t\t\t<\/div>","protected":false},"excerpt":{"rendered":"<p>U\u017emegzkime ry\u0161\u012f Kontaktai Salom\u0117ja Smilgevi\u010di\u016bt\u0117 Tel. +370 647 82308 healingarts777@yahoo.com U\u017emegzkime ry\u0161\u012f ir pasiekime kartu daugiau Paspauskite \u010dia susitikimo registracijai<\/p>","protected":false},"author":1,"featured_media":0,"parent":0,"menu_order":0,"comment_status":"closed","ping_status":"closed","template":"","meta":{"_uag_custom_page_level_css":"","_monsterinsights_skip_tracking":false,"_monsterinsights_sitenote_active":false,"_monsterinsights_sitenote_note":"","_monsterinsights_sitenote_category":0,"_kad_post_transparent":"","_kad_post_title":"hide","_kad_post_layout":"fullwidth","_kad_post_sidebar_id":"","_kad_post_content_style":"unboxed","_kad_post_vertical_padding":"hide","_kad_post_feature":"hide","_kad_post_feature_position":"","_kad_post_header":false,"_kad_post_footer":false,"footnotes":""},"aioseo_notices":[],"uagb_featured_image_src":{"full":false,"thumbnail":false,"medium":false,"medium_large":false,"large":false,"1536x1536":false,"2048x2048":false,"trp-custom-language-flag":false},"uagb_author_info":{"display_name":"Salom\u0117ja Smilgevi\u010di\u016bt\u0117","author_link":"https:\/\/salomejahealing.com\/en\/author\/smilgeviciuteyahoo-com\/"},"uagb_comment_info":0,"uagb_excerpt":"U\u017emegzkime ry\u0161\u012f Kontaktai Salom\u0117ja Smilgevi\u010di\u016bt\u0117 Tel. +370 647 82308 healingarts777@yahoo.com U\u017emegzkime ry\u0161\u012f ir pasiekime kartu daugiau Paspauskite \u010dia susitikimo registracijai","_links":{"self":[{"href":"https:\/\/salomejahealing.com\/en\/wp-json\/wp\/v2\/pages\/1591"}],"collection":[{"href":"https:\/\/salomejahealing.com\/en\/wp-json\/wp\/v2\/pages"}],"about":[{"href":"https:\/\/salomejahealing.com\/en\/wp-json\/wp\/v2\/types\/page"}],"author":[{"embeddable":true,"href":"https:\/\/salomejahealing.com\/en\/wp-json\/wp\/v2\/users\/1"}],"replies":[{"embeddable":true,"href":"https:\/\/salomejahealing.com\/en\/wp-json\/wp\/v2\/comments?post=1591"}],"version-history":[{"count":103,"href":"https:\/\/salomejahealing.com\/en\/wp-json\/wp\/v2\/pages\/1591\/revisions"}],"predecessor-version":[{"id":3601,"href":"https:\/\/salomejahealing.com\/en\/wp-json\/wp\/v2\/pages\/1591\/revisions\/3601"}],"wp:attachment":[{"href":"https:\/\/salomejahealing.com\/en\/wp-json\/wp\/v2\/media?parent=1591"}],"curies":[{"name":"wp","href":"https:\/\/api.w.org\/{rel}","templated":true}]}}