{"id":1841,"date":"2024-07-05T12:10:01","date_gmt":"2024-07-05T09:10:01","guid":{"rendered":"https:\/\/salomejahealing.com\/?page_id=1841"},"modified":"2024-08-12T20:02:47","modified_gmt":"2024-08-12T17:02:47","slug":"home","status":"publish","type":"page","link":"https:\/\/salomejahealing.com\/en\/","title":{"rendered":"Pagrindinis"},"content":{"rendered":"<div data-elementor-type=\"wp-page\" data-elementor-id=\"1841\" class=\"elementor elementor-1841\">\n\t\t\t\t<div class=\"elementor-element elementor-element-3a08f80 e-con-full e-flex e-con e-parent\" data-id=\"3a08f80\" data-element_type=\"container\">\n\t\t\t\t<div class=\"elementor-element elementor-element-8c1d13f elementor-widget elementor-widget-heading\" data-id=\"8c1d13f\" data-element_type=\"widget\" data-widget_type=\"heading.default\">\n\t\t\t\t<div class=\"elementor-widget-container\">\n\t\t\t\t\t<h2 class=\"elementor-heading-title elementor-size-default\">Healing Arts By Salom\u0117ja<\/h2>\t\t\t\t<\/div>\n\t\t\t\t<\/div>\n\t\t\t\t<div class=\"elementor-element elementor-element-b7d9ddf elementor-invisible elementor-widget elementor-widget-button\" data-id=\"b7d9ddf\" data-element_type=\"widget\" data-settings=\"{&quot;_animation&quot;:&quot;fadeIn&quot;}\" data-widget_type=\"button.default\">\n\t\t\t\t<div class=\"elementor-widget-container\">\n\t\t\t\t\t\t\t\t\t<div class=\"elementor-button-wrapper\">\n\t\t\t\t\t<a class=\"elementor-button elementor-button-link elementor-size-sm\" href=\"https:\/\/salomejahealing.com\/en\/uzmegzkime-rysi\/\">\n\t\t\t\t\t\t<span class=\"elementor-button-content-wrapper\">\n\t\t\t\t\t\t\t\t\t<span class=\"elementor-button-text\">Make the connection<\/span>\n\t\t\t\t\t<\/span>\n\t\t\t\t\t<\/a>\n\t\t\t\t<\/div>\n\t\t\t\t\t\t\t\t<\/div>\n\t\t\t\t<\/div>\n\t\t\t\t<\/div>\n\t\t<div class=\"elementor-element elementor-element-b95c08c e-transform e-con-full e-flex e-con e-parent\" data-id=\"b95c08c\" data-element_type=\"container\" data-settings=\"{&quot;background_background&quot;:&quot;gradient&quot;,&quot;_transform_scale_effect&quot;:{&quot;unit&quot;:&quot;px&quot;,&quot;size&quot;:1,&quot;sizes&quot;:[]},&quot;_transform_scale_effect_tablet&quot;:{&quot;unit&quot;:&quot;px&quot;,&quot;size&quot;:&quot;&quot;,&quot;sizes&quot;:[]},&quot;_transform_scale_effect_mobile&quot;:{&quot;unit&quot;:&quot;px&quot;,&quot;size&quot;:&quot;&quot;,&quot;sizes&quot;:[]}}\">\n\t\t\t\t<div class=\"elementor-element elementor-element-db7a803 elementor-widget elementor-widget-heading\" data-id=\"db7a803\" data-element_type=\"widget\" data-widget_type=\"heading.default\">\n\t\t\t\t<div class=\"elementor-widget-container\">\n\t\t\t\t\t<h2 class=\"elementor-heading-title elementor-size-default\">About me<\/h2>\t\t\t\t<\/div>\n\t\t\t\t<\/div>\n\t\t\t\t<\/div>\n\t\t<div class=\"elementor-element elementor-element-37e80d1 e-grid e-transform e-transform e-transform e-transform e-con-full e-con e-parent\" data-id=\"37e80d1\" data-element_type=\"container\" data-settings=\"{&quot;background_background&quot;:&quot;classic&quot;,&quot;_transform_rotateZ_effect&quot;:{&quot;unit&quot;:&quot;px&quot;,&quot;size&quot;:0,&quot;sizes&quot;:[]},&quot;_transform_scale_effect&quot;:{&quot;unit&quot;:&quot;px&quot;,&quot;size&quot;:1,&quot;sizes&quot;:[]},&quot;_transform_skewX_effect&quot;:{&quot;unit&quot;:&quot;px&quot;,&quot;size&quot;:0,&quot;sizes&quot;:[]},&quot;_transform_rotateZ_effect_tablet&quot;:{&quot;unit&quot;:&quot;deg&quot;,&quot;size&quot;:&quot;&quot;,&quot;sizes&quot;:[]},&quot;_transform_rotateZ_effect_mobile&quot;:{&quot;unit&quot;:&quot;deg&quot;,&quot;size&quot;:&quot;&quot;,&quot;sizes&quot;:[]},&quot;_transform_translateX_effect&quot;:{&quot;unit&quot;:&quot;px&quot;,&quot;size&quot;:&quot;&quot;,&quot;sizes&quot;:[]},&quot;_transform_translateX_effect_tablet&quot;:{&quot;unit&quot;:&quot;px&quot;,&quot;size&quot;:&quot;&quot;,&quot;sizes&quot;:[]},&quot;_transform_translateX_effect_mobile&quot;:{&quot;unit&quot;:&quot;px&quot;,&quot;size&quot;:&quot;&quot;,&quot;sizes&quot;:[]},&quot;_transform_translateY_effect&quot;:{&quot;unit&quot;:&quot;px&quot;,&quot;size&quot;:&quot;&quot;,&quot;sizes&quot;:[]},&quot;_transform_translateY_effect_tablet&quot;:{&quot;unit&quot;:&quot;px&quot;,&quot;size&quot;:&quot;&quot;,&quot;sizes&quot;:[]},&quot;_transform_translateY_effect_mobile&quot;:{&quot;unit&quot;:&quot;px&quot;,&quot;size&quot;:&quot;&quot;,&quot;sizes&quot;:[]},&quot;_transform_scale_effect_tablet&quot;:{&quot;unit&quot;:&quot;px&quot;,&quot;size&quot;:&quot;&quot;,&quot;sizes&quot;:[]},&quot;_transform_scale_effect_mobile&quot;:{&quot;unit&quot;:&quot;px&quot;,&quot;size&quot;:&quot;&quot;,&quot;sizes&quot;:[]},&quot;_transform_skewX_effect_tablet&quot;:{&quot;unit&quot;:&quot;deg&quot;,&quot;size&quot;:&quot;&quot;,&quot;sizes&quot;:[]},&quot;_transform_skewX_effect_mobile&quot;:{&quot;unit&quot;:&quot;deg&quot;,&quot;size&quot;:&quot;&quot;,&quot;sizes&quot;:[]},&quot;_transform_skewY_effect&quot;:{&quot;unit&quot;:&quot;px&quot;,&quot;size&quot;:&quot;&quot;,&quot;sizes&quot;:[]},&quot;_transform_skewY_effect_tablet&quot;:{&quot;unit&quot;:&quot;deg&quot;,&quot;size&quot;:&quot;&quot;,&quot;sizes&quot;:[]},&quot;_transform_skewY_effect_mobile&quot;:{&quot;unit&quot;:&quot;deg&quot;,&quot;size&quot;:&quot;&quot;,&quot;sizes&quot;:[]}}\">\n\t\t\t\t<div class=\"elementor-element elementor-element-29abb86 elementor-widget elementor-widget-text-editor\" data-id=\"29abb86\" data-element_type=\"widget\" data-widget_type=\"text-editor.default\">\n\t\t\t\t<div class=\"elementor-widget-container\">\n\t\t\t\t\t\t\t\t\t<p><strong>Welcome!<\/strong><\/p><p>I am Salomeja Roa, an intuitive healer and empath. I was trained and certified as Advanced Biofield Tunning practitioner by Eileen Mckusick in Vermont, USA. Also, I am certified practitioner of Qhht, past life regression hypnosis therapy as thought by beloved Dolores Canon.  I am continuous student and lover of astrology and Cosmos. I have bachelors of Art  Degree in Political Science.\u00a0<\/p><p>My journey to spirituality started years ago. Since a very young age I could hear, see and sense things that other people couldn\u2019t. Over the years I had to undergo many initiations and near death experiences. I spend years working with different shamans and healers around the world clearing ancestral lineages and clearing karmic bondages. I also dived deep to understand my starseed lineage.<\/p><p>Hence, the wealth of knowledge and experience prepared me to work and help others. I want to express my gratitude and love to everyone who is reading this today. And as clich\u00e9 as it sounds \u201cif you are here, it is no coincidence \u2013we were meant to make a connection.\u201d<\/p><p>Thus, I am here to help you to make yourself whole again and return to original blueprint. My sessions can be conducted in person, by phone, Skype, What\u2019s app.<\/p>\t\t\t\t\t\t\t\t<\/div>\n\t\t\t\t<\/div>\n\t\t\t\t<div class=\"elementor-element elementor-element-7858bab elementor-widget elementor-widget-image\" data-id=\"7858bab\" data-element_type=\"widget\" data-widget_type=\"image.default\">\n\t\t\t\t<div class=\"elementor-widget-container\">\n\t\t\t\t\t\t\t\t\t\t\t\t\t\t\t<img fetchpriority=\"high\" decoding=\"async\" width=\"1024\" height=\"1024\" src=\"https:\/\/salomejahealing.com\/wp-content\/uploads\/2024\/07\/apie-mane-1024x1024.jpg\" class=\"attachment-large size-large wp-image-2427\" alt=\"\" srcset=\"https:\/\/salomejahealing.com\/wp-content\/uploads\/2024\/07\/apie-mane-1024x1024.jpg 1024w, https:\/\/salomejahealing.com\/wp-content\/uploads\/2024\/07\/apie-mane-300x300.jpg 300w, https:\/\/salomejahealing.com\/wp-content\/uploads\/2024\/07\/apie-mane-150x150.jpg 150w, https:\/\/salomejahealing.com\/wp-content\/uploads\/2024\/07\/apie-mane-768x768.jpg 768w, https:\/\/salomejahealing.com\/wp-content\/uploads\/2024\/07\/apie-mane-1536x1536.jpg 1536w, https:\/\/salomejahealing.com\/wp-content\/uploads\/2024\/07\/apie-mane-2048x2048.jpg 2048w\" sizes=\"(max-width: 1024px) 100vw, 1024px\" \/>\t\t\t\t\t\t\t\t\t\t\t\t\t\t\t<\/div>\n\t\t\t\t<\/div>\n\t\t\t\t<\/div>\n\t\t<div class=\"elementor-element elementor-element-0b7de1d e-transform e-con-full e-flex e-con e-parent\" data-id=\"0b7de1d\" data-element_type=\"container\" data-settings=\"{&quot;background_background&quot;:&quot;gradient&quot;,&quot;_transform_scale_effect&quot;:{&quot;unit&quot;:&quot;px&quot;,&quot;size&quot;:1,&quot;sizes&quot;:[]},&quot;_transform_scale_effect_tablet&quot;:{&quot;unit&quot;:&quot;px&quot;,&quot;size&quot;:&quot;&quot;,&quot;sizes&quot;:[]},&quot;_transform_scale_effect_mobile&quot;:{&quot;unit&quot;:&quot;px&quot;,&quot;size&quot;:&quot;&quot;,&quot;sizes&quot;:[]}}\">\n\t\t\t\t<div class=\"elementor-element elementor-element-79d6b1e elementor-widget elementor-widget-heading\" data-id=\"79d6b1e\" data-element_type=\"widget\" data-widget_type=\"heading.default\">\n\t\t\t\t<div class=\"elementor-widget-container\">\n\t\t\t\t\t<h2 class=\"elementor-heading-title elementor-size-default\">Services<\/h2>\t\t\t\t<\/div>\n\t\t\t\t<\/div>\n\t\t\t\t<\/div>\n\t\t<div class=\"elementor-element elementor-element-1839bbc e-flex e-con-boxed e-con e-parent\" data-id=\"1839bbc\" data-element_type=\"container\" data-settings=\"{&quot;background_background&quot;:&quot;classic&quot;}\">\n\t\t\t\t\t<div class=\"e-con-inner\">\n\t\t<div class=\"elementor-element elementor-element-b7c7104 e-con-full e-flex e-con e-child\" data-id=\"b7c7104\" data-element_type=\"container\">\n\t\t\t\t<div class=\"elementor-element elementor-element-4cdb6b0 elementor-widget elementor-widget-image\" data-id=\"4cdb6b0\" data-element_type=\"widget\" data-widget_type=\"image.default\">\n\t\t\t\t<div class=\"elementor-widget-container\">\n\t\t\t\t\t\t\t\t\t\t\t\t\t\t\t\t<a href=\"https:\/\/salomejahealing.com\/en\/standard-biofield-tunning-session\/\">\n\t\t\t\t\t\t\t<img decoding=\"async\" width=\"1024\" height=\"1024\" src=\"https:\/\/salomejahealing.com\/wp-content\/uploads\/2024\/07\/Gile47-1024x1024.png\" class=\"attachment-large size-large wp-image-3157\" alt=\"\" srcset=\"https:\/\/salomejahealing.com\/wp-content\/uploads\/2024\/07\/Gile47-1024x1024.png 1024w, https:\/\/salomejahealing.com\/wp-content\/uploads\/2024\/07\/Gile47-300x300.png 300w, https:\/\/salomejahealing.com\/wp-content\/uploads\/2024\/07\/Gile47-150x150.png 150w, https:\/\/salomejahealing.com\/wp-content\/uploads\/2024\/07\/Gile47-768x768.png 768w, https:\/\/salomejahealing.com\/wp-content\/uploads\/2024\/07\/Gile47-1536x1536.png 1536w, https:\/\/salomejahealing.com\/wp-content\/uploads\/2024\/07\/Gile47-2048x2048.png 2048w\" sizes=\"(max-width: 1024px) 100vw, 1024px\" \/>\t\t\t\t\t\t\t\t<\/a>\n\t\t\t\t\t\t\t\t\t\t\t\t\t\t\t<\/div>\n\t\t\t\t<\/div>\n\t\t\t\t<div class=\"elementor-element elementor-element-3426fa4 elementor-widget elementor-widget-heading\" data-id=\"3426fa4\" data-element_type=\"widget\" data-widget_type=\"heading.default\">\n\t\t\t\t<div class=\"elementor-widget-container\">\n\t\t\t\t\t<h2 class=\"elementor-heading-title elementor-size-default\"><a href=\"https:\/\/salomejahealing.com\/en\/standard-biofield-tunning-session\/\">Standart Biofield Tunning Session<\/a><\/h2>\t\t\t\t<\/div>\n\t\t\t\t<\/div>\n\t\t\t\t<\/div>\n\t\t<div class=\"elementor-element elementor-element-59c2fda e-con-full e-flex e-con e-child\" data-id=\"59c2fda\" data-element_type=\"container\">\n\t\t\t\t<div class=\"elementor-element elementor-element-786948f elementor-widget elementor-widget-image\" data-id=\"786948f\" data-element_type=\"widget\" data-widget_type=\"image.default\">\n\t\t\t\t<div class=\"elementor-widget-container\">\n\t\t\t\t\t\t\t\t\t\t\t\t\t\t\t\t<a href=\"https:\/\/salomejahealing.com\/en\/sonic-meridian-flush-fascia-release\/\">\n\t\t\t\t\t\t\t<img decoding=\"async\" width=\"1024\" height=\"1024\" src=\"https:\/\/salomejahealing.com\/wp-content\/uploads\/2024\/07\/Gile31-1024x1024.png\" class=\"attachment-large size-large wp-image-3160\" alt=\"\" srcset=\"https:\/\/salomejahealing.com\/wp-content\/uploads\/2024\/07\/Gile31-1024x1024.png 1024w, https:\/\/salomejahealing.com\/wp-content\/uploads\/2024\/07\/Gile31-300x300.png 300w, https:\/\/salomejahealing.com\/wp-content\/uploads\/2024\/07\/Gile31-150x150.png 150w, https:\/\/salomejahealing.com\/wp-content\/uploads\/2024\/07\/Gile31-768x768.png 768w, https:\/\/salomejahealing.com\/wp-content\/uploads\/2024\/07\/Gile31-1536x1536.png 1536w, https:\/\/salomejahealing.com\/wp-content\/uploads\/2024\/07\/Gile31-2048x2048.png 2048w\" sizes=\"(max-width: 1024px) 100vw, 1024px\" \/>\t\t\t\t\t\t\t\t<\/a>\n\t\t\t\t\t\t\t\t\t\t\t\t\t\t\t<\/div>\n\t\t\t\t<\/div>\n\t\t\t\t<div class=\"elementor-element elementor-element-3714d57 elementor-widget elementor-widget-heading\" data-id=\"3714d57\" data-element_type=\"widget\" data-widget_type=\"heading.default\">\n\t\t\t\t<div class=\"elementor-widget-container\">\n\t\t\t\t\t<h2 class=\"elementor-heading-title elementor-size-default\"><a href=\"https:\/\/salomejahealing.com\/en\/sonic-meridian-flush-fascia-release\/\">Sonic Meridian Flush &amp; Fascia Release <\/a><\/h2>\t\t\t\t<\/div>\n\t\t\t\t<\/div>\n\t\t\t\t<\/div>\n\t\t<div class=\"elementor-element elementor-element-5cebcc5 e-con-full e-flex e-con e-child\" data-id=\"5cebcc5\" data-element_type=\"container\">\n\t\t\t\t<div class=\"elementor-element elementor-element-ef990f4 elementor-widget elementor-widget-image\" data-id=\"ef990f4\" data-element_type=\"widget\" data-widget_type=\"image.default\">\n\t\t\t\t<div class=\"elementor-widget-container\">\n\t\t\t\t\t\t\t\t\t\t\t\t\t\t\t\t<a href=\"https:\/\/salomejahealing.com\/en\/adrenal-rhythm-reset\/\">\n\t\t\t\t\t\t\t<img loading=\"lazy\" decoding=\"async\" width=\"1024\" height=\"1024\" src=\"https:\/\/salomejahealing.com\/wp-content\/uploads\/2024\/07\/Gile15-1024x1024.png\" class=\"attachment-large size-large wp-image-3158\" alt=\"\" srcset=\"https:\/\/salomejahealing.com\/wp-content\/uploads\/2024\/07\/Gile15-1024x1024.png 1024w, https:\/\/salomejahealing.com\/wp-content\/uploads\/2024\/07\/Gile15-300x300.png 300w, https:\/\/salomejahealing.com\/wp-content\/uploads\/2024\/07\/Gile15-150x150.png 150w, https:\/\/salomejahealing.com\/wp-content\/uploads\/2024\/07\/Gile15-768x768.png 768w, https:\/\/salomejahealing.com\/wp-content\/uploads\/2024\/07\/Gile15-1536x1536.png 1536w, https:\/\/salomejahealing.com\/wp-content\/uploads\/2024\/07\/Gile15-2048x2048.png 2048w\" sizes=\"(max-width: 1024px) 100vw, 1024px\" \/>\t\t\t\t\t\t\t\t<\/a>\n\t\t\t\t\t\t\t\t\t\t\t\t\t\t\t<\/div>\n\t\t\t\t<\/div>\n\t\t\t\t<div class=\"elementor-element elementor-element-6653127 elementor-widget elementor-widget-heading\" data-id=\"6653127\" data-element_type=\"widget\" data-widget_type=\"heading.default\">\n\t\t\t\t<div class=\"elementor-widget-container\">\n\t\t\t\t\t<h2 class=\"elementor-heading-title elementor-size-default\"><a href=\"https:\/\/salomejahealing.com\/en\/adrenal-rhythm-reset\/\">Adrenal Rhythm Reset<\/a><\/h2>\t\t\t\t<\/div>\n\t\t\t\t<\/div>\n\t\t\t\t<\/div>\n\t\t<div class=\"elementor-element elementor-element-175357b e-con-full e-flex e-con e-child\" data-id=\"175357b\" data-element_type=\"container\">\n\t\t\t\t<div class=\"elementor-element elementor-element-bc751b3 elementor-widget elementor-widget-image\" data-id=\"bc751b3\" data-element_type=\"widget\" data-widget_type=\"image.default\">\n\t\t\t\t<div class=\"elementor-widget-container\">\n\t\t\t\t\t\t\t\t\t\t\t\t\t\t\t\t<a href=\"https:\/\/salomejahealing.com\/en\/project-tunning\/\">\n\t\t\t\t\t\t\t<img loading=\"lazy\" decoding=\"async\" width=\"1024\" height=\"1024\" src=\"https:\/\/salomejahealing.com\/wp-content\/uploads\/2024\/07\/1-1024x1024.jpg\" class=\"attachment-large size-large wp-image-2419\" alt=\"\" srcset=\"https:\/\/salomejahealing.com\/wp-content\/uploads\/2024\/07\/1-1024x1024.jpg 1024w, https:\/\/salomejahealing.com\/wp-content\/uploads\/2024\/07\/1-300x300.jpg 300w, https:\/\/salomejahealing.com\/wp-content\/uploads\/2024\/07\/1-150x150.jpg 150w, https:\/\/salomejahealing.com\/wp-content\/uploads\/2024\/07\/1-768x768.jpg 768w, https:\/\/salomejahealing.com\/wp-content\/uploads\/2024\/07\/1-1536x1536.jpg 1536w, https:\/\/salomejahealing.com\/wp-content\/uploads\/2024\/07\/1-2048x2048.jpg 2048w\" sizes=\"(max-width: 1024px) 100vw, 1024px\" \/>\t\t\t\t\t\t\t\t<\/a>\n\t\t\t\t\t\t\t\t\t\t\t\t\t\t\t<\/div>\n\t\t\t\t<\/div>\n\t\t\t\t<div class=\"elementor-element elementor-element-1756e1e elementor-widget elementor-widget-heading\" data-id=\"1756e1e\" data-element_type=\"widget\" data-widget_type=\"heading.default\">\n\t\t\t\t<div class=\"elementor-widget-container\">\n\t\t\t\t\t<h2 class=\"elementor-heading-title elementor-size-default\"><a href=\"https:\/\/salomejahealing.com\/en\/project-tunning\/\">Project Tunning<\/a><\/h2>\t\t\t\t<\/div>\n\t\t\t\t<\/div>\n\t\t\t\t<\/div>\n\t\t<div class=\"elementor-element elementor-element-0f66069 e-con-full e-flex e-con e-child\" data-id=\"0f66069\" data-element_type=\"container\">\n\t\t\t\t<div class=\"elementor-element elementor-element-5cfa12a elementor-widget elementor-widget-image\" data-id=\"5cfa12a\" data-element_type=\"widget\" data-widget_type=\"image.default\">\n\t\t\t\t<div class=\"elementor-widget-container\">\n\t\t\t\t\t\t\t\t\t\t\t\t\t\t\t\t<a href=\"https:\/\/salomejahealing.com\/en\/past-life-regression-hypnosis-therapy\/\">\n\t\t\t\t\t\t\t<img loading=\"lazy\" decoding=\"async\" width=\"1024\" height=\"1024\" src=\"https:\/\/salomejahealing.com\/wp-content\/uploads\/2024\/07\/55-1024x1024.jpg\" class=\"attachment-large size-large wp-image-2423\" alt=\"\" srcset=\"https:\/\/salomejahealing.com\/wp-content\/uploads\/2024\/07\/55-1024x1024.jpg 1024w, https:\/\/salomejahealing.com\/wp-content\/uploads\/2024\/07\/55-300x300.jpg 300w, https:\/\/salomejahealing.com\/wp-content\/uploads\/2024\/07\/55-150x150.jpg 150w, https:\/\/salomejahealing.com\/wp-content\/uploads\/2024\/07\/55-768x768.jpg 768w, https:\/\/salomejahealing.com\/wp-content\/uploads\/2024\/07\/55-1536x1536.jpg 1536w, https:\/\/salomejahealing.com\/wp-content\/uploads\/2024\/07\/55-2048x2048.jpg 2048w\" sizes=\"(max-width: 1024px) 100vw, 1024px\" \/>\t\t\t\t\t\t\t\t<\/a>\n\t\t\t\t\t\t\t\t\t\t\t\t\t\t\t<\/div>\n\t\t\t\t<\/div>\n\t\t\t\t<div class=\"elementor-element elementor-element-953c3d3 elementor-widget elementor-widget-heading\" data-id=\"953c3d3\" data-element_type=\"widget\" data-widget_type=\"heading.default\">\n\t\t\t\t<div class=\"elementor-widget-container\">\n\t\t\t\t\t<h2 class=\"elementor-heading-title elementor-size-default\"><a href=\"https:\/\/salomejahealing.com\/en\/past-life-regression-hypnosis-therapy\/\">Past Life Regression Hypnosis Therapy<\/a><\/h2>\t\t\t\t<\/div>\n\t\t\t\t<\/div>\n\t\t\t\t<\/div>\n\t\t\t\t\t<\/div>\n\t\t\t\t<\/div>\n\t\t\t\t<\/div>","protected":false},"excerpt":{"rendered":"<p>Healing Arts By Salom\u0117ja U\u017emegzkime ry\u0161\u012f Apie mane Sveiki, A\u0161 esu Salom\u0117ja Roa, intuityvi gydytoja ir empat\u0117. Esu apmokyta ir sertifikuota kaip pa\u017eangi bioenergijos derinimo specialist\u0117 Eileen Mckusick mokymuose Vermonte, JAV. Taip pat esu sertifikuota QHHT, praeities gyvenimo regresijos hipnoz\u0117s terapijos specialist\u0117, apmokyta \u017einomiausios regresinink\u0117s Dolores Canon. A\u0161 esu aktyvi astrologijos student\u0117 bei praktikuotoja. \u012egijau&#8230;<\/p>","protected":false},"author":1,"featured_media":0,"parent":0,"menu_order":0,"comment_status":"closed","ping_status":"closed","template":"","meta":{"_uag_custom_page_level_css":"","_monsterinsights_skip_tracking":false,"_monsterinsights_sitenote_active":false,"_monsterinsights_sitenote_note":"","_monsterinsights_sitenote_category":0,"_kad_post_transparent":"","_kad_post_title":"hide","_kad_post_layout":"fullwidth","_kad_post_sidebar_id":"","_kad_post_content_style":"unboxed","_kad_post_vertical_padding":"hide","_kad_post_feature":"hide","_kad_post_feature_position":"","_kad_post_header":false,"_kad_post_footer":false,"footnotes":""},"aioseo_notices":[],"uagb_featured_image_src":{"full":false,"thumbnail":false,"medium":false,"medium_large":false,"large":false,"1536x1536":false,"2048x2048":false,"trp-custom-language-flag":false},"uagb_author_info":{"display_name":"Salom\u0117ja Smilgevi\u010di\u016bt\u0117","author_link":"https:\/\/salomejahealing.com\/en\/author\/smilgeviciuteyahoo-com\/"},"uagb_comment_info":0,"uagb_excerpt":"Healing Arts By Salom\u0117ja U\u017emegzkime ry\u0161\u012f Apie mane Sveiki, A\u0161 esu Salom\u0117ja Roa, intuityvi gydytoja ir empat\u0117. Esu apmokyta ir sertifikuota kaip pa\u017eangi bioenergijos derinimo specialist\u0117 Eileen Mckusick mokymuose Vermonte, JAV. Taip pat esu sertifikuota QHHT, praeities gyvenimo regresijos hipnoz\u0117s terapijos specialist\u0117, apmokyta \u017einomiausios regresinink\u0117s Dolores Canon. A\u0161 esu aktyvi astrologijos student\u0117 bei praktikuotoja. \u012egijau...","_links":{"self":[{"href":"https:\/\/salomejahealing.com\/en\/wp-json\/wp\/v2\/pages\/1841"}],"collection":[{"href":"https:\/\/salomejahealing.com\/en\/wp-json\/wp\/v2\/pages"}],"about":[{"href":"https:\/\/salomejahealing.com\/en\/wp-json\/wp\/v2\/types\/page"}],"author":[{"embeddable":true,"href":"https:\/\/salomejahealing.com\/en\/wp-json\/wp\/v2\/users\/1"}],"replies":[{"embeddable":true,"href":"https:\/\/salomejahealing.com\/en\/wp-json\/wp\/v2\/comments?post=1841"}],"version-history":[{"count":513,"href":"https:\/\/salomejahealing.com\/en\/wp-json\/wp\/v2\/pages\/1841\/revisions"}],"predecessor-version":[{"id":3546,"href":"https:\/\/salomejahealing.com\/en\/wp-json\/wp\/v2\/pages\/1841\/revisions\/3546"}],"wp:attachment":[{"href":"https:\/\/salomejahealing.com\/en\/wp-json\/wp\/v2\/media?parent=1841"}],"curies":[{"name":"wp","href":"https:\/\/api.w.org\/{rel}","templated":true}]}}