{"id":2297,"date":"2024-07-01T11:24:33","date_gmt":"2024-07-01T08:24:33","guid":{"rendered":"https:\/\/salomejahealing.com\/?page_id=2297"},"modified":"2024-07-03T14:49:03","modified_gmt":"2024-07-03T11:49:03","slug":"sonic-meridian-flush-fascia-release","status":"publish","type":"page","link":"https:\/\/salomejahealing.com\/en\/sonic-meridian-flush-fascia-release\/","title":{"rendered":"Garsinis Meridini\u0173 Plovimasi ir Fasijos atpalaidavimas"},"content":{"rendered":"<div data-elementor-type=\"wp-page\" data-elementor-id=\"2297\" class=\"elementor elementor-2297\">\n\t\t\t\t<div class=\"elementor-element elementor-element-e54d42a e-flex e-con-boxed e-con e-parent\" data-id=\"e54d42a\" data-element_type=\"container\">\n\t\t\t\t\t<div class=\"e-con-inner\">\n\t\t<div class=\"elementor-element elementor-element-6b10cfd e-con-full e-flex e-con e-child\" data-id=\"6b10cfd\" data-element_type=\"container\">\n\t\t\t\t<div class=\"elementor-element elementor-element-caa5fe8 elementor-widget elementor-widget-heading\" data-id=\"caa5fe8\" data-element_type=\"widget\" data-widget_type=\"heading.default\">\n\t\t\t\t<div class=\"elementor-widget-container\">\n\t\t\t\t\t<h2 class=\"elementor-heading-title elementor-size-default\">Sonic Meridian Flush &amp; Fascia Release (75 min.)<\/h2>\t\t\t\t<\/div>\n\t\t\t\t<\/div>\n\t\t\t\t<div class=\"elementor-element elementor-element-f2b77aa elementor-widget elementor-widget-text-editor\" data-id=\"f2b77aa\" data-element_type=\"widget\" data-widget_type=\"text-editor.default\">\n\t\t\t\t<div class=\"elementor-widget-container\">\n\t\t\t\t\t\t\t\t\t<p><span style=\"font-weight: 400;\">Powerful treatment that creates a deeply relaxing and restorative result. It is on body work and done only in person. Perfect for someone who has never experienced energy work. Helps to feel more relaxed, embodied and present.<\/span><\/p>\t\t\t\t\t\t\t\t<\/div>\n\t\t\t\t<\/div>\n\t\t\t\t<div class=\"elementor-element elementor-element-83f01c1 elementor-widget elementor-widget-button\" data-id=\"83f01c1\" data-element_type=\"widget\" data-widget_type=\"button.default\">\n\t\t\t\t<div class=\"elementor-widget-container\">\n\t\t\t\t\t\t\t\t\t<div class=\"elementor-button-wrapper\">\n\t\t\t\t\t<a class=\"elementor-button elementor-button-link elementor-size-sm\" href=\"https:\/\/salomejahealing.com\/en\/registracija\/\">\n\t\t\t\t\t\t<span class=\"elementor-button-content-wrapper\">\n\t\t\t\t\t\t\t\t\t<span class=\"elementor-button-text\">Make the Connection<\/span>\n\t\t\t\t\t<\/span>\n\t\t\t\t\t<\/a>\n\t\t\t\t<\/div>\n\t\t\t\t\t\t\t\t<\/div>\n\t\t\t\t<\/div>\n\t\t\t\t<\/div>\n\t\t<div class=\"elementor-element elementor-element-32b99e1 e-con-full e-flex e-con e-child\" data-id=\"32b99e1\" data-element_type=\"container\">\n\t\t\t\t<div class=\"elementor-element elementor-element-e366844 elementor-widget elementor-widget-image\" data-id=\"e366844\" data-element_type=\"widget\" data-widget_type=\"image.default\">\n\t\t\t\t<div class=\"elementor-widget-container\">\n\t\t\t\t\t\t\t\t\t\t\t\t\t\t\t<img fetchpriority=\"high\" decoding=\"async\" width=\"1024\" height=\"1024\" src=\"https:\/\/salomejahealing.com\/wp-content\/uploads\/2024\/07\/1-1024x1024.jpg\" class=\"attachment-large size-large wp-image-2419\" alt=\"\" srcset=\"https:\/\/salomejahealing.com\/wp-content\/uploads\/2024\/07\/1-1024x1024.jpg 1024w, https:\/\/salomejahealing.com\/wp-content\/uploads\/2024\/07\/1-300x300.jpg 300w, https:\/\/salomejahealing.com\/wp-content\/uploads\/2024\/07\/1-150x150.jpg 150w, https:\/\/salomejahealing.com\/wp-content\/uploads\/2024\/07\/1-768x768.jpg 768w, https:\/\/salomejahealing.com\/wp-content\/uploads\/2024\/07\/1-1536x1536.jpg 1536w, https:\/\/salomejahealing.com\/wp-content\/uploads\/2024\/07\/1-2048x2048.jpg 2048w\" sizes=\"(max-width: 1024px) 100vw, 1024px\" \/>\t\t\t\t\t\t\t\t\t\t\t\t\t\t\t<\/div>\n\t\t\t\t<\/div>\n\t\t\t\t<\/div>\n\t\t\t\t\t<\/div>\n\t\t\t\t<\/div>\n\t\t\t\t<\/div>","protected":false},"excerpt":{"rendered":"<p>Garsinis Meridini\u0173 Plovimasi ir Fasijos atpalaidavimas (75 min) Stiprus gydymas, kuris suteikia gil\u0173 atsipalaidavim\u0105 ir padeda fiziniam k\u016bnui atsinaujinti skirtinguose lygmenyse. Tai tobulas gydymas tiems, kurie niekados nepatyr\u0117 energetinio gydymo. \u0160is metodas padeda pasijausti labiau \u012fsik\u016bnijusiems, atsipalaidavusiems ir jaustis \u0161iame momente. U\u017esiregistruoti<\/p>","protected":false},"author":1,"featured_media":0,"parent":0,"menu_order":0,"comment_status":"closed","ping_status":"closed","template":"","meta":{"_uag_custom_page_level_css":"","_monsterinsights_skip_tracking":false,"_monsterinsights_sitenote_active":false,"_monsterinsights_sitenote_note":"","_monsterinsights_sitenote_category":0,"_kad_post_transparent":"","_kad_post_title":"hide","_kad_post_layout":"fullwidth","_kad_post_sidebar_id":"","_kad_post_content_style":"unboxed","_kad_post_vertical_padding":"hide","_kad_post_feature":"hide","_kad_post_feature_position":"","_kad_post_header":false,"_kad_post_footer":false,"footnotes":""},"aioseo_notices":[],"uagb_featured_image_src":{"full":false,"thumbnail":false,"medium":false,"medium_large":false,"large":false,"1536x1536":false,"2048x2048":false,"trp-custom-language-flag":false},"uagb_author_info":{"display_name":"Salom\u0117ja Smilgevi\u010di\u016bt\u0117","author_link":"https:\/\/salomejahealing.com\/en\/author\/smilgeviciuteyahoo-com\/"},"uagb_comment_info":0,"uagb_excerpt":"Garsinis Meridini\u0173 Plovimasi ir Fasijos atpalaidavimas (75 min) Stiprus gydymas, kuris suteikia gil\u0173 atsipalaidavim\u0105 ir padeda fiziniam k\u016bnui atsinaujinti skirtinguose lygmenyse. Tai tobulas gydymas tiems, kurie niekados nepatyr\u0117 energetinio gydymo. \u0160is metodas padeda pasijausti labiau \u012fsik\u016bnijusiems, atsipalaidavusiems ir jaustis \u0161iame momente. U\u017esiregistruoti","_links":{"self":[{"href":"https:\/\/salomejahealing.com\/en\/wp-json\/wp\/v2\/pages\/2297"}],"collection":[{"href":"https:\/\/salomejahealing.com\/en\/wp-json\/wp\/v2\/pages"}],"about":[{"href":"https:\/\/salomejahealing.com\/en\/wp-json\/wp\/v2\/types\/page"}],"author":[{"embeddable":true,"href":"https:\/\/salomejahealing.com\/en\/wp-json\/wp\/v2\/users\/1"}],"replies":[{"embeddable":true,"href":"https:\/\/salomejahealing.com\/en\/wp-json\/wp\/v2\/comments?post=2297"}],"version-history":[{"count":50,"href":"https:\/\/salomejahealing.com\/en\/wp-json\/wp\/v2\/pages\/2297\/revisions"}],"predecessor-version":[{"id":3075,"href":"https:\/\/salomejahealing.com\/en\/wp-json\/wp\/v2\/pages\/2297\/revisions\/3075"}],"wp:attachment":[{"href":"https:\/\/salomejahealing.com\/en\/wp-json\/wp\/v2\/media?parent=2297"}],"curies":[{"name":"wp","href":"https:\/\/api.w.org\/{rel}","templated":true}]}}