{"id":2302,"date":"2024-07-01T11:25:36","date_gmt":"2024-07-01T08:25:36","guid":{"rendered":"https:\/\/salomejahealing.com\/?page_id=2302"},"modified":"2025-01-12T17:44:31","modified_gmt":"2025-01-12T15:44:31","slug":"adrenal-rhythm-reset","status":"publish","type":"page","link":"https:\/\/salomejahealing.com\/en\/adrenal-rhythm-reset\/","title":{"rendered":"Adrenal Rhythm Reset"},"content":{"rendered":"<div data-elementor-type=\"wp-page\" data-elementor-id=\"2302\" class=\"elementor elementor-2302\">\n\t\t\t\t<div class=\"elementor-element elementor-element-2be069f e-flex e-con-boxed e-con e-parent\" data-id=\"2be069f\" data-element_type=\"container\">\n\t\t\t\t\t<div class=\"e-con-inner\">\n\t\t<div class=\"elementor-element elementor-element-5b70ee7 e-con-full e-flex e-con e-child\" data-id=\"5b70ee7\" data-element_type=\"container\">\n\t\t\t\t<div class=\"elementor-element elementor-element-284282b elementor-widget elementor-widget-heading\" data-id=\"284282b\" data-element_type=\"widget\" data-widget_type=\"heading.default\">\n\t\t\t\t<div class=\"elementor-widget-container\">\n\t\t\t\t\t<h2 class=\"elementor-heading-title elementor-size-default\">Adrenal Rhythm Reset (60min.) (Recommended 1-3 sessions)<\/h2>\t\t\t\t<\/div>\n\t\t\t\t<\/div>\n\t\t\t\t<div class=\"elementor-element elementor-element-3b45729 elementor-widget elementor-widget-text-editor\" data-id=\"3b45729\" data-element_type=\"widget\" data-widget_type=\"text-editor.default\">\n\t\t\t\t<div class=\"elementor-widget-container\">\n\t\t\t\t\t\t\t\t\t<p><span style=\"font-weight: 400;\">Adrenal glands regulate \u201cflight or fight\u201d response. Due to high stress adrenal glands become overworked and cause serious chronic disorders such as insomnia, thyroid problems, addictions, autoimmune disorders, panic attacks, PTSD, digestive issues.  By resetting the adrenals back to their original blue print, we help body to shift from <\/span><span style=\"font-weight: 400;\">sympathetic to parasymaphetic stage.<\/span><\/p>\t\t\t\t\t\t\t\t<\/div>\n\t\t\t\t<\/div>\n\t\t\t\t<div class=\"elementor-element elementor-element-561ec17 elementor-widget elementor-widget-button\" data-id=\"561ec17\" data-element_type=\"widget\" data-widget_type=\"button.default\">\n\t\t\t\t<div class=\"elementor-widget-container\">\n\t\t\t\t\t\t\t\t\t<div class=\"elementor-button-wrapper\">\n\t\t\t\t\t<a class=\"elementor-button elementor-button-link elementor-size-sm\" href=\"https:\/\/salomejahealing.com\/en\/registracija\/\">\n\t\t\t\t\t\t<span class=\"elementor-button-content-wrapper\">\n\t\t\t\t\t\t\t\t\t<span class=\"elementor-button-text\">Make the Connection<\/span>\n\t\t\t\t\t<\/span>\n\t\t\t\t\t<\/a>\n\t\t\t\t<\/div>\n\t\t\t\t\t\t\t\t<\/div>\n\t\t\t\t<\/div>\n\t\t\t\t<\/div>\n\t\t<div class=\"elementor-element elementor-element-3294a64 e-con-full e-flex e-con e-child\" data-id=\"3294a64\" data-element_type=\"container\">\n\t\t\t\t<div class=\"elementor-element elementor-element-93cc313 elementor-widget elementor-widget-image\" data-id=\"93cc313\" data-element_type=\"widget\" data-widget_type=\"image.default\">\n\t\t\t\t<div class=\"elementor-widget-container\">\n\t\t\t\t\t\t\t\t\t\t\t\t\t\t\t<img fetchpriority=\"high\" decoding=\"async\" width=\"1024\" height=\"1024\" src=\"https:\/\/salomejahealing.com\/wp-content\/uploads\/2024\/07\/3-1024x1024.jpg\" class=\"attachment-large size-large wp-image-2421\" alt=\"\" srcset=\"https:\/\/salomejahealing.com\/wp-content\/uploads\/2024\/07\/3-1024x1024.jpg 1024w, https:\/\/salomejahealing.com\/wp-content\/uploads\/2024\/07\/3-300x300.jpg 300w, https:\/\/salomejahealing.com\/wp-content\/uploads\/2024\/07\/3-150x150.jpg 150w, https:\/\/salomejahealing.com\/wp-content\/uploads\/2024\/07\/3-768x768.jpg 768w, https:\/\/salomejahealing.com\/wp-content\/uploads\/2024\/07\/3-1536x1536.jpg 1536w, https:\/\/salomejahealing.com\/wp-content\/uploads\/2024\/07\/3-2048x2048.jpg 2048w\" sizes=\"(max-width: 1024px) 100vw, 1024px\" \/>\t\t\t\t\t\t\t\t\t\t\t\t\t\t\t<\/div>\n\t\t\t\t<\/div>\n\t\t\t\t<\/div>\n\t\t\t\t\t<\/div>\n\t\t\t\t<\/div>\n\t\t\t\t<\/div>","protected":false},"excerpt":{"rendered":"<p>Adrenalin\u0173 liauk\u0173 restartavimas (rekomenduojama 1-3 sesijos) (60 min) Adrenalin\u0173 liaukos reguliuoja streso respons\u0105. D\u0117l dydelio streso lygio adrenalino liaukos patampa pertemptos ir gali sukelti labia stipri\u0173 chroni\u0161k\u0173 sindrom\u0173 kaip nemiga, skydliauk\u0117s problemos, \u017ealingas nepriklausomybes, autoimuniteto ligas, panikos priepuolius, PTSD, \u017earnyno problemas. Perstartuojant adrenalin\u0173 liaukas \u012f pradin\u0119 b\u016bsen\u0105, mes pradedam k\u016bnui sugri\u0161ti i\u0161 simpafetin\u0117s \u012f parasimafetin\u0119&#8230;<\/p>","protected":false},"author":1,"featured_media":0,"parent":0,"menu_order":0,"comment_status":"closed","ping_status":"closed","template":"","meta":{"_uag_custom_page_level_css":"","_monsterinsights_skip_tracking":false,"_monsterinsights_sitenote_active":false,"_monsterinsights_sitenote_note":"","_monsterinsights_sitenote_category":0,"_kad_post_transparent":"","_kad_post_title":"hide","_kad_post_layout":"fullwidth","_kad_post_sidebar_id":"","_kad_post_content_style":"unboxed","_kad_post_vertical_padding":"hide","_kad_post_feature":"hide","_kad_post_feature_position":"","_kad_post_header":false,"_kad_post_footer":false,"footnotes":""},"aioseo_notices":[],"uagb_featured_image_src":{"full":false,"thumbnail":false,"medium":false,"medium_large":false,"large":false,"1536x1536":false,"2048x2048":false,"trp-custom-language-flag":false},"uagb_author_info":{"display_name":"Salom\u0117ja Smilgevi\u010di\u016bt\u0117","author_link":"https:\/\/salomejahealing.com\/en\/author\/smilgeviciuteyahoo-com\/"},"uagb_comment_info":0,"uagb_excerpt":"Adrenalin\u0173 liauk\u0173 restartavimas (rekomenduojama 1-3 sesijos) (60 min) Adrenalin\u0173 liaukos reguliuoja streso respons\u0105. D\u0117l dydelio streso lygio adrenalino liaukos patampa pertemptos ir gali sukelti labia stipri\u0173 chroni\u0161k\u0173 sindrom\u0173 kaip nemiga, skydliauk\u0117s problemos, \u017ealingas nepriklausomybes, autoimuniteto ligas, panikos priepuolius, PTSD, \u017earnyno problemas. Perstartuojant adrenalin\u0173 liaukas \u012f pradin\u0119 b\u016bsen\u0105, mes pradedam k\u016bnui sugri\u0161ti i\u0161 simpafetin\u0117s \u012f parasimafetin\u0119...","_links":{"self":[{"href":"https:\/\/salomejahealing.com\/en\/wp-json\/wp\/v2\/pages\/2302"}],"collection":[{"href":"https:\/\/salomejahealing.com\/en\/wp-json\/wp\/v2\/pages"}],"about":[{"href":"https:\/\/salomejahealing.com\/en\/wp-json\/wp\/v2\/types\/page"}],"author":[{"embeddable":true,"href":"https:\/\/salomejahealing.com\/en\/wp-json\/wp\/v2\/users\/1"}],"replies":[{"embeddable":true,"href":"https:\/\/salomejahealing.com\/en\/wp-json\/wp\/v2\/comments?post=2302"}],"version-history":[{"count":41,"href":"https:\/\/salomejahealing.com\/en\/wp-json\/wp\/v2\/pages\/2302\/revisions"}],"predecessor-version":[{"id":3630,"href":"https:\/\/salomejahealing.com\/en\/wp-json\/wp\/v2\/pages\/2302\/revisions\/3630"}],"wp:attachment":[{"href":"https:\/\/salomejahealing.com\/en\/wp-json\/wp\/v2\/media?parent=2302"}],"curies":[{"name":"wp","href":"https:\/\/api.w.org\/{rel}","templated":true}]}}