{"id":2307,"date":"2024-07-01T11:26:22","date_gmt":"2024-07-01T08:26:22","guid":{"rendered":"https:\/\/salomejahealing.com\/?page_id=2307"},"modified":"2024-07-03T14:49:08","modified_gmt":"2024-07-03T11:49:08","slug":"project-tunning","status":"publish","type":"page","link":"https:\/\/salomejahealing.com\/en\/project-tunning\/","title":{"rendered":"Projekto tunningavimas"},"content":{"rendered":"<div data-elementor-type=\"wp-page\" data-elementor-id=\"2307\" class=\"elementor elementor-2307\">\n\t\t\t\t<div class=\"elementor-element elementor-element-dd2e2ed e-flex e-con-boxed e-con e-parent\" data-id=\"dd2e2ed\" data-element_type=\"container\">\n\t\t\t\t\t<div class=\"e-con-inner\">\n\t\t<div class=\"elementor-element elementor-element-0155a62 e-con-full e-flex e-con e-child\" data-id=\"0155a62\" data-element_type=\"container\">\n\t\t\t\t<div class=\"elementor-element elementor-element-df5e280 elementor-widget elementor-widget-heading\" data-id=\"df5e280\" data-element_type=\"widget\" data-widget_type=\"heading.default\">\n\t\t\t\t<div class=\"elementor-widget-container\">\n\t\t\t\t\t<h2 class=\"elementor-heading-title elementor-size-default\">Project Tunning (45min)\n<\/h2>\t\t\t\t<\/div>\n\t\t\t\t<\/div>\n\t\t\t\t<div class=\"elementor-element elementor-element-5e8f7f0 elementor-widget elementor-widget-text-editor\" data-id=\"5e8f7f0\" data-element_type=\"widget\" data-widget_type=\"text-editor.default\">\n\t\t\t\t<div class=\"elementor-widget-container\">\n\t\t\t\t\t\t\t\t\t<p><span style=\"font-weight: 400;\">It is used to tune the energy of a project or endeavor such as business ideas, personal living arrangements, relationships, artistic endeavors, buildings. This tunning  is designed to clear obstacles when things feel stuck and don\u2019t move the right direction. It  helps to develop  a cohesive flow towards successful outcomes.<\/span><\/p>\t\t\t\t\t\t\t\t<\/div>\n\t\t\t\t<\/div>\n\t\t\t\t<div class=\"elementor-element elementor-element-7a70974 elementor-widget elementor-widget-button\" data-id=\"7a70974\" data-element_type=\"widget\" data-widget_type=\"button.default\">\n\t\t\t\t<div class=\"elementor-widget-container\">\n\t\t\t\t\t\t\t\t\t<div class=\"elementor-button-wrapper\">\n\t\t\t\t\t<a class=\"elementor-button elementor-button-link elementor-size-sm\" href=\"https:\/\/salomejahealing.com\/en\/registracija\/\">\n\t\t\t\t\t\t<span class=\"elementor-button-content-wrapper\">\n\t\t\t\t\t\t\t\t\t<span class=\"elementor-button-text\">Make the Connection<\/span>\n\t\t\t\t\t<\/span>\n\t\t\t\t\t<\/a>\n\t\t\t\t<\/div>\n\t\t\t\t\t\t\t\t<\/div>\n\t\t\t\t<\/div>\n\t\t\t\t<\/div>\n\t\t<div class=\"elementor-element elementor-element-efce16d e-con-full e-flex e-con e-child\" data-id=\"efce16d\" data-element_type=\"container\">\n\t\t\t\t<div class=\"elementor-element elementor-element-2f5c7d3 elementor-widget elementor-widget-image\" data-id=\"2f5c7d3\" data-element_type=\"widget\" data-widget_type=\"image.default\">\n\t\t\t\t<div class=\"elementor-widget-container\">\n\t\t\t\t\t\t\t\t\t\t\t\t\t\t\t<img fetchpriority=\"high\" decoding=\"async\" width=\"1024\" height=\"1024\" src=\"https:\/\/salomejahealing.com\/wp-content\/uploads\/2024\/07\/4-1024x1024.jpg\" class=\"attachment-large size-large wp-image-2422\" alt=\"\" srcset=\"https:\/\/salomejahealing.com\/wp-content\/uploads\/2024\/07\/4-1024x1024.jpg 1024w, https:\/\/salomejahealing.com\/wp-content\/uploads\/2024\/07\/4-300x300.jpg 300w, https:\/\/salomejahealing.com\/wp-content\/uploads\/2024\/07\/4-150x150.jpg 150w, https:\/\/salomejahealing.com\/wp-content\/uploads\/2024\/07\/4-768x768.jpg 768w, https:\/\/salomejahealing.com\/wp-content\/uploads\/2024\/07\/4-1536x1536.jpg 1536w, https:\/\/salomejahealing.com\/wp-content\/uploads\/2024\/07\/4-2048x2048.jpg 2048w\" sizes=\"(max-width: 1024px) 100vw, 1024px\" \/>\t\t\t\t\t\t\t\t\t\t\t\t\t\t\t<\/div>\n\t\t\t\t<\/div>\n\t\t\t\t<\/div>\n\t\t\t\t\t<\/div>\n\t\t\t\t<\/div>\n\t\t\t\t<\/div>","protected":false},"excerpt":{"rendered":"<p>Projekto tunningavimas (45min) \u0160is metodas yra naudojamas sustiguoti norim\u0105 projekt\u0105, biznio \u012fd\u0117j\u0105, asmeninius siekius, meninius i\u0161\u0161ukius, pastatus , esamos draugyst\u0117s ry\u0161ius. Projekto Tunningavimas padeda pa\u0161alinti kli\u016btis i\u0161 kelio kai reikalai nejuda tinkama linkme. I\u0161vysto viening\u0105 energij\u0173 t\u0117km\u0119 norimo projekto linkme. U\u017esiregistruoti<\/p>","protected":false},"author":1,"featured_media":0,"parent":0,"menu_order":0,"comment_status":"closed","ping_status":"closed","template":"","meta":{"_uag_custom_page_level_css":"","_monsterinsights_skip_tracking":false,"_monsterinsights_sitenote_active":false,"_monsterinsights_sitenote_note":"","_monsterinsights_sitenote_category":0,"_kad_post_transparent":"","_kad_post_title":"hide","_kad_post_layout":"fullwidth","_kad_post_sidebar_id":"","_kad_post_content_style":"unboxed","_kad_post_vertical_padding":"hide","_kad_post_feature":"hide","_kad_post_feature_position":"","_kad_post_header":false,"_kad_post_footer":false,"footnotes":""},"aioseo_notices":[],"uagb_featured_image_src":{"full":false,"thumbnail":false,"medium":false,"medium_large":false,"large":false,"1536x1536":false,"2048x2048":false,"trp-custom-language-flag":false},"uagb_author_info":{"display_name":"Salom\u0117ja Smilgevi\u010di\u016bt\u0117","author_link":"https:\/\/salomejahealing.com\/en\/author\/smilgeviciuteyahoo-com\/"},"uagb_comment_info":0,"uagb_excerpt":"Projekto tunningavimas (45min) \u0160is metodas yra naudojamas sustiguoti norim\u0105 projekt\u0105, biznio \u012fd\u0117j\u0105, asmeninius siekius, meninius i\u0161\u0161ukius, pastatus , esamos draugyst\u0117s ry\u0161ius. Projekto Tunningavimas padeda pa\u0161alinti kli\u016btis i\u0161 kelio kai reikalai nejuda tinkama linkme. I\u0161vysto viening\u0105 energij\u0173 t\u0117km\u0119 norimo projekto linkme. U\u017esiregistruoti","_links":{"self":[{"href":"https:\/\/salomejahealing.com\/en\/wp-json\/wp\/v2\/pages\/2307"}],"collection":[{"href":"https:\/\/salomejahealing.com\/en\/wp-json\/wp\/v2\/pages"}],"about":[{"href":"https:\/\/salomejahealing.com\/en\/wp-json\/wp\/v2\/types\/page"}],"author":[{"embeddable":true,"href":"https:\/\/salomejahealing.com\/en\/wp-json\/wp\/v2\/users\/1"}],"replies":[{"embeddable":true,"href":"https:\/\/salomejahealing.com\/en\/wp-json\/wp\/v2\/comments?post=2307"}],"version-history":[{"count":29,"href":"https:\/\/salomejahealing.com\/en\/wp-json\/wp\/v2\/pages\/2307\/revisions"}],"predecessor-version":[{"id":3078,"href":"https:\/\/salomejahealing.com\/en\/wp-json\/wp\/v2\/pages\/2307\/revisions\/3078"}],"wp:attachment":[{"href":"https:\/\/salomejahealing.com\/en\/wp-json\/wp\/v2\/media?parent=2307"}],"curies":[{"name":"wp","href":"https:\/\/api.w.org\/{rel}","templated":true}]}}