{"id":2312,"date":"2024-07-01T11:27:14","date_gmt":"2024-07-01T08:27:14","guid":{"rendered":"https:\/\/salomejahealing.com\/?page_id=2312"},"modified":"2024-07-06T17:39:12","modified_gmt":"2024-07-06T14:39:12","slug":"past-life-regression-hypnosis-therapy","status":"publish","type":"page","link":"https:\/\/salomejahealing.com\/en\/past-life-regression-hypnosis-therapy\/","title":{"rendered":"Past Life Regression Hypnosis Therapy"},"content":{"rendered":"<div data-elementor-type=\"wp-page\" data-elementor-id=\"2312\" class=\"elementor elementor-2312\">\n\t\t\t\t<div class=\"elementor-element elementor-element-c5fd626 e-flex e-con-boxed e-con e-parent\" data-id=\"c5fd626\" data-element_type=\"container\">\n\t\t\t\t\t<div class=\"e-con-inner\">\n\t\t<div class=\"elementor-element elementor-element-792bcb4 e-con-full e-flex e-con e-child\" data-id=\"792bcb4\" data-element_type=\"container\">\n\t\t\t\t<div class=\"elementor-element elementor-element-d67f5ed elementor-widget elementor-widget-heading\" data-id=\"d67f5ed\" data-element_type=\"widget\" data-widget_type=\"heading.default\">\n\t\t\t\t<div class=\"elementor-widget-container\">\n\t\t\t\t\t<h2 class=\"elementor-heading-title elementor-size-default\">Past Life Regression Hypnosis Therapy (4-5 hours) ( Only in person.)<\/h2>\t\t\t\t<\/div>\n\t\t\t\t<\/div>\n\t\t\t\t<div class=\"elementor-element elementor-element-a1dbf41 elementor-widget elementor-widget-text-editor\" data-id=\"a1dbf41\" data-element_type=\"widget\" data-widget_type=\"text-editor.default\">\n\t\t\t\t<div class=\"elementor-widget-container\">\n\t\t\t\t\t\t\t\t\t<p><span style=\"font-weight: 400;\">Most powerful form of hypnosis therapy. Safe and effective method to dive deep into the past\/future lives and other dimensions. This method helps to heal body, clear old and negative karma and discover answers to pressing questions.<\/span><\/p>\t\t\t\t\t\t\t\t<\/div>\n\t\t\t\t<\/div>\n\t\t\t\t<div class=\"elementor-element elementor-element-523c50d elementor-widget elementor-widget-button\" data-id=\"523c50d\" data-element_type=\"widget\" data-widget_type=\"button.default\">\n\t\t\t\t<div class=\"elementor-widget-container\">\n\t\t\t\t\t\t\t\t\t<div class=\"elementor-button-wrapper\">\n\t\t\t\t\t<a class=\"elementor-button elementor-button-link elementor-size-sm\" href=\"https:\/\/salomejahealing.com\/en\/registracija\/\">\n\t\t\t\t\t\t<span class=\"elementor-button-content-wrapper\">\n\t\t\t\t\t\t\t\t\t<span class=\"elementor-button-text\">Make the Connection<\/span>\n\t\t\t\t\t<\/span>\n\t\t\t\t\t<\/a>\n\t\t\t\t<\/div>\n\t\t\t\t\t\t\t\t<\/div>\n\t\t\t\t<\/div>\n\t\t\t\t<\/div>\n\t\t<div class=\"elementor-element elementor-element-2b15bcb e-con-full e-flex e-con e-child\" data-id=\"2b15bcb\" data-element_type=\"container\">\n\t\t\t\t<div class=\"elementor-element elementor-element-5cfa13a elementor-widget elementor-widget-image\" data-id=\"5cfa13a\" data-element_type=\"widget\" data-widget_type=\"image.default\">\n\t\t\t\t<div class=\"elementor-widget-container\">\n\t\t\t\t\t\t\t\t\t\t\t\t\t\t\t<img fetchpriority=\"high\" decoding=\"async\" width=\"1024\" height=\"1024\" src=\"https:\/\/salomejahealing.com\/wp-content\/uploads\/2024\/07\/55-1024x1024.jpg\" class=\"attachment-large size-large wp-image-2423\" alt=\"\" srcset=\"https:\/\/salomejahealing.com\/wp-content\/uploads\/2024\/07\/55-1024x1024.jpg 1024w, https:\/\/salomejahealing.com\/wp-content\/uploads\/2024\/07\/55-300x300.jpg 300w, https:\/\/salomejahealing.com\/wp-content\/uploads\/2024\/07\/55-150x150.jpg 150w, https:\/\/salomejahealing.com\/wp-content\/uploads\/2024\/07\/55-768x768.jpg 768w, https:\/\/salomejahealing.com\/wp-content\/uploads\/2024\/07\/55-1536x1536.jpg 1536w, https:\/\/salomejahealing.com\/wp-content\/uploads\/2024\/07\/55-2048x2048.jpg 2048w\" sizes=\"(max-width: 1024px) 100vw, 1024px\" \/>\t\t\t\t\t\t\t\t\t\t\t\t\t\t\t<\/div>\n\t\t\t\t<\/div>\n\t\t\t\t<\/div>\n\t\t\t\t\t<\/div>\n\t\t\t\t<\/div>\n\t\t\t\t<\/div>","protected":false},"excerpt":{"rendered":"<p>Praeit\u0173 gyvenim\u0173 regresijos hipnoz\u0117 (4-5 val) Viena stipriausi\u0173 regresin\u0117s hipnoz\u0117s form\u0173. Saugus ir efektyvus metodas giliai i\u0161nagrin\u0117ti praeitus\/ateities gyvenimus ir kitas dimensijas. \u0160is metodas padeda i\u0161gydyti fizin\u012f ir energetinius k\u016bnus ir atsakyti \u012f r\u016bpimus klausimus. U\u017esiregistruoti<\/p>","protected":false},"author":1,"featured_media":0,"parent":0,"menu_order":0,"comment_status":"closed","ping_status":"closed","template":"","meta":{"_uag_custom_page_level_css":"","_monsterinsights_skip_tracking":false,"_monsterinsights_sitenote_active":false,"_monsterinsights_sitenote_note":"","_monsterinsights_sitenote_category":0,"_kad_post_transparent":"","_kad_post_title":"hide","_kad_post_layout":"fullwidth","_kad_post_sidebar_id":"","_kad_post_content_style":"unboxed","_kad_post_vertical_padding":"hide","_kad_post_feature":"hide","_kad_post_feature_position":"","_kad_post_header":false,"_kad_post_footer":false,"footnotes":""},"aioseo_notices":[],"uagb_featured_image_src":{"full":false,"thumbnail":false,"medium":false,"medium_large":false,"large":false,"1536x1536":false,"2048x2048":false,"trp-custom-language-flag":false},"uagb_author_info":{"display_name":"Salom\u0117ja Smilgevi\u010di\u016bt\u0117","author_link":"https:\/\/salomejahealing.com\/en\/author\/smilgeviciuteyahoo-com\/"},"uagb_comment_info":0,"uagb_excerpt":"Praeit\u0173 gyvenim\u0173 regresijos hipnoz\u0117 (4-5 val) Viena stipriausi\u0173 regresin\u0117s hipnoz\u0117s form\u0173. Saugus ir efektyvus metodas giliai i\u0161nagrin\u0117ti praeitus\/ateities gyvenimus ir kitas dimensijas. \u0160is metodas padeda i\u0161gydyti fizin\u012f ir energetinius k\u016bnus ir atsakyti \u012f r\u016bpimus klausimus. U\u017esiregistruoti","_links":{"self":[{"href":"https:\/\/salomejahealing.com\/en\/wp-json\/wp\/v2\/pages\/2312"}],"collection":[{"href":"https:\/\/salomejahealing.com\/en\/wp-json\/wp\/v2\/pages"}],"about":[{"href":"https:\/\/salomejahealing.com\/en\/wp-json\/wp\/v2\/types\/page"}],"author":[{"embeddable":true,"href":"https:\/\/salomejahealing.com\/en\/wp-json\/wp\/v2\/users\/1"}],"replies":[{"embeddable":true,"href":"https:\/\/salomejahealing.com\/en\/wp-json\/wp\/v2\/comments?post=2312"}],"version-history":[{"count":33,"href":"https:\/\/salomejahealing.com\/en\/wp-json\/wp\/v2\/pages\/2312\/revisions"}],"predecessor-version":[{"id":3527,"href":"https:\/\/salomejahealing.com\/en\/wp-json\/wp\/v2\/pages\/2312\/revisions\/3527"}],"wp:attachment":[{"href":"https:\/\/salomejahealing.com\/en\/wp-json\/wp\/v2\/media?parent=2312"}],"curies":[{"name":"wp","href":"https:\/\/api.w.org\/{rel}","templated":true}]}}